{"id":2,"date":"2021-09-28T14:24:56","date_gmt":"2021-09-28T12:24:56","guid":{"rendered":"https:\/\/www.kath-kirche-lb.de\/dreieinigkeit\/?page_id=2"},"modified":"2025-03-31T16:18:14","modified_gmt":"2025-03-31T14:18:14","slug":"home","status":"publish","type":"page","link":"https:\/\/www.kath-kirche-lb.de\/dreieinigkeit\/","title":{"rendered":"Startseite"},"content":{"rendered":"\n<div class=\"wp-block-media-text is-stacked-on-mobile is-vertically-aligned-top\" style=\"grid-template-columns:18% auto\"><figure class=\"wp-block-media-text__media\"><img loading=\"lazy\" decoding=\"async\" width=\"237\" height=\"300\" src=\"https:\/\/www.kath-kirche-lb.de\/dreieinigkeit\/wp-content\/uploads\/sites\/4\/2021\/10\/kirche.jpg\" alt=\"\" class=\"wp-image-23 size-full\" \/><\/figure><div class=\"wp-block-media-text__content\">\n<h4 class=\"wp-block-heading\">Kirchengemeinde zur heiligsten Dreieinigkeit mit St. Josef&nbsp; in Ludwigsburg.<\/h4>\n\n\n\n<p>Ein Ort, wo Leben eine echte Chance bekommt. Die Dreieinigkeits-Gemeinde ist zusammen mit St. Josef in Hoheneck Teil der <a href=\"http:\/\/www.kath-kirche-lb.de\/\" target=\"_blank\" rel=\"noreferrer noopener\">Seelsorgeeinheit Katholische Kirche Ludwigsburg<\/a> sowie des <a href=\"http:\/\/www.dekanat-lb.de\/\">Dekanats Ludwigsburg<\/a>.<a href=\"http:\/\/www.kath-kirche-lb.de\/gemeinden-in-ludwigsburg\/seelsorgeeinheit-west\/\"><\/a><br><br><br><br><\/p>\n<\/div><\/div>\n\n\n<div class=\"pt-cv-wrapper\"><div class=\"pt-cv-view pt-cv-timeline pt-cv-pgloadmore\" id=\"pt-cv-view-4265d16p6z\"><div class=\"tl-spine\"><a href=\"#\"><\/a><\/div>\n<div class=\"tl-items\">\n<div class=\"tl-item pt-left\"><div class=\"tl-item-content\"><i class=\"tl-pointer\"><\/i><div class=\" pt-cv-content-item pt-cv-1-col\"  data-pid=\"7929\"><a href=\"https:\/\/www.kath-kirche-lb.de\/dreieinigkeit\/2026\/04\/13\/rueckblick-weltgebetstag-2026\/\" class=\"_self pt-cv-href-thumbnail pt-cv-thumb-default cvplbd\" target=\"_self\" ><img loading=\"lazy\" decoding=\"async\" width=\"1600\" height=\"1200\" src=\"https:\/\/www.kath-kirche-lb.de\/dreieinigkeit\/wp-content\/uploads\/sites\/4\/2026\/04\/IMG-20260307-WA0011.jpg\" class=\"pt-cv-thumbnail img-none\" alt=\"R\u00fcckblick Weltgebetstag 2026\" srcset=\"https:\/\/www.kath-kirche-lb.de\/dreieinigkeit\/wp-content\/uploads\/sites\/4\/2026\/04\/IMG-20260307-WA0011.jpg 1600w, https:\/\/www.kath-kirche-lb.de\/dreieinigkeit\/wp-content\/uploads\/sites\/4\/2026\/04\/IMG-20260307-WA0011-300x225.jpg 300w, https:\/\/www.kath-kirche-lb.de\/dreieinigkeit\/wp-content\/uploads\/sites\/4\/2026\/04\/IMG-20260307-WA0011-1024x768.jpg 1024w, https:\/\/www.kath-kirche-lb.de\/dreieinigkeit\/wp-content\/uploads\/sites\/4\/2026\/04\/IMG-20260307-WA0011-768x576.jpg 768w, https:\/\/www.kath-kirche-lb.de\/dreieinigkeit\/wp-content\/uploads\/sites\/4\/2026\/04\/IMG-20260307-WA0011-1536x1152.jpg 1536w\" sizes=\"auto, (max-width: 1600px) 100vw, 1600px\" \/><\/a>\n<h4 class=\"pt-cv-title\"><a href=\"https:\/\/www.kath-kirche-lb.de\/dreieinigkeit\/2026\/04\/13\/rueckblick-weltgebetstag-2026\/\" class=\"_self cvplbd\" target=\"_self\" >R\u00fcckblick Weltgebetstag 2026<\/a><\/h4>\n<div class=\"pt-cv-content\">Am 6. M\u00e4rz feierten wir den \u00f6kumenischen Gottesdienst zum Weltgebetstag in der evangelischen Stadtkirche. Das diesj\u00e4hrige Landesthema war Nigeria, \u00fcberschrieben ... <a href=\"https:\/\/www.kath-kirche-lb.de\/dreieinigkeit\/2026\/04\/13\/rueckblick-weltgebetstag-2026\/\" class=\"_self pt-cv-readmore pt-cv-textlink cvplbd\" target=\"_self\">Weiterlesen<\/a><\/div><\/div><\/div><\/div>\n<div class=\"tl-item pt-right\"><div class=\"tl-item-content\"><i class=\"tl-pointer\"><\/i><div class=\" pt-cv-content-item pt-cv-1-col\"  data-pid=\"7920\"><a href=\"https:\/\/www.kath-kirche-lb.de\/dreieinigkeit\/2026\/04\/12\/neue-opferlichter-in-der-dreieinigkeitskirche\/\" class=\"_self pt-cv-href-thumbnail pt-cv-thumb-default cvplbd\" target=\"_self\" ><img loading=\"lazy\" decoding=\"async\" width=\"2560\" height=\"2560\" src=\"https:\/\/www.kath-kirche-lb.de\/dreieinigkeit\/wp-content\/uploads\/sites\/4\/2026\/04\/grafik-scaled.png\" class=\"pt-cv-thumbnail img-none\" alt=\"Neue Opferlichter in der Dreieinigkeitskirche\" srcset=\"https:\/\/www.kath-kirche-lb.de\/dreieinigkeit\/wp-content\/uploads\/sites\/4\/2026\/04\/grafik-scaled.png 2560w, https:\/\/www.kath-kirche-lb.de\/dreieinigkeit\/wp-content\/uploads\/sites\/4\/2026\/04\/grafik-300x300.png 300w, https:\/\/www.kath-kirche-lb.de\/dreieinigkeit\/wp-content\/uploads\/sites\/4\/2026\/04\/grafik-1024x1024.png 1024w, https:\/\/www.kath-kirche-lb.de\/dreieinigkeit\/wp-content\/uploads\/sites\/4\/2026\/04\/grafik-150x150.png 150w, https:\/\/www.kath-kirche-lb.de\/dreieinigkeit\/wp-content\/uploads\/sites\/4\/2026\/04\/grafik-768x768.png 768w, https:\/\/www.kath-kirche-lb.de\/dreieinigkeit\/wp-content\/uploads\/sites\/4\/2026\/04\/grafik-500x500.png 500w, https:\/\/www.kath-kirche-lb.de\/dreieinigkeit\/wp-content\/uploads\/sites\/4\/2026\/04\/grafik-1536x1536.png 1536w, https:\/\/www.kath-kirche-lb.de\/dreieinigkeit\/wp-content\/uploads\/sites\/4\/2026\/04\/grafik-2048x2048.png 2048w\" sizes=\"auto, (max-width: 2560px) 100vw, 2560px\" \/><\/a>\n<h4 class=\"pt-cv-title\"><a href=\"https:\/\/www.kath-kirche-lb.de\/dreieinigkeit\/2026\/04\/12\/neue-opferlichter-in-der-dreieinigkeitskirche\/\" class=\"_self cvplbd\" target=\"_self\" >Neue Opferlichter in der Dreieinigkeitskirche<\/a><\/h4>\n<div class=\"pt-cv-content\">Der Kirchengemeinderat hatte beschlossen, die bisherigen Teelichter abzul\u00f6sen, um eine erneute Verschmutzung der Kirche durch die Ru\u00dfabsonderung zu verhindern. Deshalb ... <a href=\"https:\/\/www.kath-kirche-lb.de\/dreieinigkeit\/2026\/04\/12\/neue-opferlichter-in-der-dreieinigkeitskirche\/\" class=\"_self pt-cv-readmore pt-cv-textlink cvplbd\" target=\"_self\">Weiterlesen<\/a><\/div><\/div><\/div><\/div>\n<div class=\"tl-item pt-left\"><div class=\"tl-item-content\"><i class=\"tl-pointer\"><\/i><div class=\" pt-cv-content-item pt-cv-1-col\"  data-pid=\"7908\"><a href=\"https:\/\/www.kath-kirche-lb.de\/dreieinigkeit\/2026\/03\/31\/feier-der-ostertage\/\" class=\"_self pt-cv-href-thumbnail pt-cv-thumb-default cvplbd\" target=\"_self\" ><\/a>\n<h4 class=\"pt-cv-title\"><a href=\"https:\/\/www.kath-kirche-lb.de\/dreieinigkeit\/2026\/03\/31\/feier-der-ostertage\/\" class=\"_self cvplbd\" target=\"_self\" >Feier der Ostertage<\/a><\/h4>\n<div class=\"pt-cv-content\">Gr\u00fcndonnerstag Wir ziehen um 19.30 Uhr durch unser Kirchenportal gemeinsam ein, um die Heiligen Drei Tage zu feiern. Es folgt ... <a href=\"https:\/\/www.kath-kirche-lb.de\/dreieinigkeit\/2026\/03\/31\/feier-der-ostertage\/\" class=\"_self pt-cv-readmore pt-cv-textlink cvplbd\" target=\"_self\">Weiterlesen<\/a><\/div><\/div><\/div><\/div>\n<div class=\"tl-item pt-right\"><div class=\"tl-item-content\"><i class=\"tl-pointer\"><\/i><div class=\" pt-cv-content-item pt-cv-1-col\"  data-pid=\"7906\"><a href=\"https:\/\/www.kath-kirche-lb.de\/dreieinigkeit\/2026\/03\/31\/gemeindefest-am-19-7-2026\/\" class=\"_self pt-cv-href-thumbnail pt-cv-thumb-default cvplbd\" target=\"_self\" ><\/a>\n<h4 class=\"pt-cv-title\"><a href=\"https:\/\/www.kath-kirche-lb.de\/dreieinigkeit\/2026\/03\/31\/gemeindefest-am-19-7-2026\/\" class=\"_self cvplbd\" target=\"_self\" >Gemeindefest am 19.7.2026<\/a><\/h4>\n<div class=\"pt-cv-content\">Zum Vormerken. Das Gemeindefest wird im \u00fcblichen Rahmen ab 10.00 Uhr im Bischof-Sprollhaus stattfinden ... <a href=\"https:\/\/www.kath-kirche-lb.de\/dreieinigkeit\/2026\/03\/31\/gemeindefest-am-19-7-2026\/\" class=\"_self pt-cv-readmore pt-cv-textlink cvplbd\" target=\"_self\">Weiterlesen<\/a><\/div><\/div><\/div><\/div>\n<div class=\"tl-item pt-left\"><div class=\"tl-item-content\"><i class=\"tl-pointer\"><\/i><div class=\" pt-cv-content-item pt-cv-1-col\"  data-pid=\"7904\"><a href=\"https:\/\/www.kath-kirche-lb.de\/dreieinigkeit\/2026\/03\/31\/26-april-feier-der-wiedereroeffnung-unserer-dreieinigkeitskirche\/\" class=\"_self pt-cv-href-thumbnail pt-cv-thumb-default cvplbd\" target=\"_self\" ><img loading=\"lazy\" decoding=\"async\" width=\"1920\" height=\"2560\" src=\"https:\/\/www.kath-kirche-lb.de\/dreieinigkeit\/wp-content\/uploads\/sites\/4\/2026\/03\/IMG_1554-scaled.jpg\" class=\"pt-cv-thumbnail img-none\" alt=\"26. April - Feier der Wiederer\u00f6ffnung unserer Dreieinigkeitskirche\" srcset=\"https:\/\/www.kath-kirche-lb.de\/dreieinigkeit\/wp-content\/uploads\/sites\/4\/2026\/03\/IMG_1554-scaled.jpg 1920w, https:\/\/www.kath-kirche-lb.de\/dreieinigkeit\/wp-content\/uploads\/sites\/4\/2026\/03\/IMG_1554-225x300.jpg 225w, https:\/\/www.kath-kirche-lb.de\/dreieinigkeit\/wp-content\/uploads\/sites\/4\/2026\/03\/IMG_1554-768x1024.jpg 768w, https:\/\/www.kath-kirche-lb.de\/dreieinigkeit\/wp-content\/uploads\/sites\/4\/2026\/03\/IMG_1554-300x400.jpg 300w, https:\/\/www.kath-kirche-lb.de\/dreieinigkeit\/wp-content\/uploads\/sites\/4\/2026\/03\/IMG_1554-1152x1536.jpg 1152w, https:\/\/www.kath-kirche-lb.de\/dreieinigkeit\/wp-content\/uploads\/sites\/4\/2026\/03\/IMG_1554-1536x2048.jpg 1536w\" sizes=\"auto, (max-width: 1920px) 100vw, 1920px\" \/><\/a>\n<h4 class=\"pt-cv-title\"><a href=\"https:\/\/www.kath-kirche-lb.de\/dreieinigkeit\/2026\/03\/31\/26-april-feier-der-wiedereroeffnung-unserer-dreieinigkeitskirche\/\" class=\"_self cvplbd\" target=\"_self\" >26. April &#8211; Feier der Wiederer\u00f6ffnung unserer Dreieinigkeitskirche<\/a><\/h4>\n<div class=\"pt-cv-content\">Ab dem Gr\u00fcndonnerstag feiern wir wieder in unserer Kirche Gottesdienst. Da die Karwoche f\u00fcr eine feierliche Wiederer\u00f6ffnung unserer Kirche nicht ... <a href=\"https:\/\/www.kath-kirche-lb.de\/dreieinigkeit\/2026\/03\/31\/26-april-feier-der-wiedereroeffnung-unserer-dreieinigkeitskirche\/\" class=\"_self pt-cv-readmore pt-cv-textlink cvplbd\" target=\"_self\">Weiterlesen<\/a><\/div><\/div><\/div><\/div>\n<\/div><\/div>\n<div class=\"text-left pt-cv-pagination-wrapper\"><a href='https:\/\/www.kath-kirche-lb.de\/dreieinigkeit\/wp-json\/wp\/v2\/pages\/2\/?_page=2' onclick='event.preventDefault()' class=\"pt-cv-more btn btn-primary btn-sm\" data-totalpages=\"12\" data-nextpages=\"2\" data-sid=\"4265d16p6z\" data-unid=\"\">More <span class=\"caret\"><\/span><\/a><img loading=\"lazy\" decoding=\"async\" width=\"15\" height=\"15\" class=\"pt-cv-spinner\" alt=\"Wird geladen\u00a0\u2026\" src=\"data:image\/gif;base64,R0lGODlhDwAPALMPAMrKygwMDJOTkz09PZWVla+vr3p6euTk5M7OzuXl5TMzMwAAAJmZmWZmZszMzP\/\/\/yH\/C05FVFNDQVBFMi4wAwEAAAAh+QQFCgAPACwAAAAADwAPAAAEQvDJaZaZOIcV8iQK8VRX4iTYoAwZ4iCYoAjZ4RxejhVNoT+mRGP4cyF4Pp0N98sBGIBMEMOotl6YZ3S61Bmbkm4mAgAh+QQFCgAPACwAAAAADQANAAAENPDJSRSZeA418itN8QiK8BiLITVsFiyBBIoYqnoewAD4xPw9iY4XLGYSjkQR4UAUD45DLwIAIfkEBQoADwAsAAAAAA8ACQAABC\/wyVlamTi3nSdgwFNdhEJgTJoNyoB9ISYoQmdjiZPcj7EYCAeCF1gEDo4Dz2eIAAAh+QQFCgAPACwCAAAADQANAAAEM\/DJBxiYeLKdX3IJZT1FU0iIg2RNKx3OkZVnZ98ToRD4MyiDnkAh6BkNC0MvsAj0kMpHBAAh+QQFCgAPACwGAAAACQAPAAAEMDC59KpFDll73HkAA2wVY5KgiK5b0RRoI6MuzG6EQqCDMlSGheEhUAgqgUUAFRySIgAh+QQFCgAPACwCAAIADQANAAAEM\/DJKZNLND\/kkKaHc3xk+QAMYDKsiaqmZCxGVjSFFCxB1vwy2oOgIDxuucxAMTAJFAJNBAAh+QQFCgAPACwAAAYADwAJAAAEMNAs86q1yaWwwv2Ig0jUZx3OYa4XoRAfwADXoAwfo1+CIjyFRuEho60aSNYlOPxEAAAh+QQFCgAPACwAAAIADQANAAAENPA9s4y8+IUVcqaWJ4qEQozSoAzoIyhCK2NFU2SJk0hNnyEOhKR2AzAAj4Pj4GE4W0bkJQIAOw==\" \/><div class=\"clear pt-cv-clear-pagination\"><\/div><\/div><\/div>\t\t\t<style type=\"text\/css\" id=\"pt-cv-inline-style-04e6d60lpu\">#pt-cv-view-4265d16p6z .pt-cv-title a, #pt-cv-view-4265d16p6z  .panel-title { font-weight: 600 !important; }\n#pt-cv-view-4265d16p6z .pt-cv-carousel-caption  { background-color: rgba(51,51,51,.6) !important; }\n#pt-cv-view-4265d16p6z .pt-cv-specialp { background-color: #CC3333 !important }\n#pt-cv-view-4265d16p6z .pt-cv-specialp * { color: #fff !important; }\n#pt-cv-view-4265d16p6z .pt-cv-pficon  { color: #bbb !important; }\n#pt-cv-view-4265d16p6z .pt-cv-readmore:hover  { color: #ffffff !important; background-color: #00aeef !important; }\n#pt-cv-view-4265d16p6z  + .pt-cv-pagination-wrapper .pt-cv-more , #pt-cv-view-4265d16p6z  + .pt-cv-pagination-wrapper .pagination .active a { color: #ffffff !important; background-color: #00aeef !important; }<\/style>\r\n\t\t\t\n","protected":false},"excerpt":{"rendered":"<p>Kirchengemeinde zur heiligsten Dreieinigkeit mit St. Josef&nbsp; in Ludwigsburg. Ein Ort, wo Leben eine echte Chance bekommt. Die Dreieinigkeits-Gemeinde ist zusammen mit St. Josef in Hoheneck Teil der Seelsorgeeinheit Katholische Kirche Ludwigsburg sowie des Dekanats Ludwigsburg.<\/p>\n","protected":false},"author":1,"featured_media":0,"parent":0,"menu_order":0,"comment_status":"closed","ping_status":"open","template":"","meta":{"footnotes":""},"class_list":["post-2","page","type-page","status-publish","hentry"],"_links":{"self":[{"href":"https:\/\/www.kath-kirche-lb.de\/dreieinigkeit\/wp-json\/wp\/v2\/pages\/2","targetHints":{"allow":["GET"]}}],"collection":[{"href":"https:\/\/www.kath-kirche-lb.de\/dreieinigkeit\/wp-json\/wp\/v2\/pages"}],"about":[{"href":"https:\/\/www.kath-kirche-lb.de\/dreieinigkeit\/wp-json\/wp\/v2\/types\/page"}],"author":[{"embeddable":true,"href":"https:\/\/www.kath-kirche-lb.de\/dreieinigkeit\/wp-json\/wp\/v2\/users\/1"}],"replies":[{"embeddable":true,"href":"https:\/\/www.kath-kirche-lb.de\/dreieinigkeit\/wp-json\/wp\/v2\/comments?post=2"}],"version-history":[{"count":17,"href":"https:\/\/www.kath-kirche-lb.de\/dreieinigkeit\/wp-json\/wp\/v2\/pages\/2\/revisions"}],"predecessor-version":[{"id":7216,"href":"https:\/\/www.kath-kirche-lb.de\/dreieinigkeit\/wp-json\/wp\/v2\/pages\/2\/revisions\/7216"}],"wp:attachment":[{"href":"https:\/\/www.kath-kirche-lb.de\/dreieinigkeit\/wp-json\/wp\/v2\/media?parent=2"}],"curies":[{"name":"wp","href":"https:\/\/api.w.org\/{rel}","templated":true}]}}