{"id":5,"date":"2021-10-01T20:33:07","date_gmt":"2021-10-01T18:33:07","guid":{"rendered":"https:\/\/www.kath-kirche-lb.de\/dreieinigkeit\/?page_id=5"},"modified":"2024-06-11T20:14:07","modified_gmt":"2024-06-11T18:14:07","slug":"kinderkirche","status":"publish","type":"page","link":"https:\/\/www.kath-kirche-lb.de\/dreieinigkeit\/kinderkirche\/","title":{"rendered":"Kinderkirche"},"content":{"rendered":"\n<p>Ungef\u00e4hr einmal im Monat findet in der Gemeinde Zur Heiligsten Dreieinigkeit die sogenannte \u201eKinderkirche\u201c f\u00fcr die j\u00fcngsten Gemeindemitglieder statt. In der Regel wird diese im Haus der Katholischen Kirche gefeiert, zeitlich parallel zu den sonnt\u00e4glichen Gottesdiensten der Erwachsenen. Die n\u00e4chsten Termine sind<\/p>\n\n\n<div class=\"mec-wrap mec-events-agenda-container  \" id=\"mec_skin_258\">\r\n\r\n    \r\n        <div class=\"mec-skin-agenda-events-container\" id=\"mec_skin_events_258\">\r\n        <div class=\"mec-wrap mec-events-agenda-wrap \">\r\n            <div class=\"mec-events-agenda-container mec-event-agenda-clean\">\r\n                \r\n        <div class=\"mec-events-agenda\">\r\n\r\n        <div class=\"mec-agenda-date-wrap\">\r\n            <i class=\"mec-sl-calendar\"><\/i>            <span class=\"mec-agenda-day\">Sonntag<\/span>\r\n            <span class=\"mec-agenda-date\">Juni 14<\/span>\r\n        <\/div>\r\n\r\n        <div class=\"mec-agenda-events-wrap\">\r\n                                <div class=\"mec-past-event mec-agenda-event \">\r\n                        <i class=\"mec-sl-clock\"><\/i>                        <span class=\"mec-agenda-time\">\r\n                            <span class=\"mec-start-time\">10:00<\/span> - <span class=\"mec-end-time\">11:00<\/span>                        <\/span>\r\n                        <span class=\"mec-agenda-event-title\">\r\n                            <a class=\"mec-color-hover\" data-event-id=\"7888\" href=\"https:\/\/www.kath-kirche-lb.de\/dreieinigkeit\/events\/kinderkirche\/\" target=\"_self\" rel=\"noopener\">Kinderkirche<\/a>                                                        <span class=\"event-color\" style=\"background: #fdd700\"><\/span>                                                                                                                                        <\/span>\r\n                                                                    <\/div>\r\n                                    <\/div>\r\n        <div class=\"clearfix\"><\/div>\r\n    <\/div>\r\n\r\n        <div class=\"mec-events-agenda\">\r\n\r\n        <div class=\"mec-agenda-date-wrap\">\r\n            <i class=\"mec-sl-calendar\"><\/i>            <span class=\"mec-agenda-day\">Sonntag<\/span>\r\n            <span class=\"mec-agenda-date\">Juli 12<\/span>\r\n        <\/div>\r\n\r\n        <div class=\"mec-agenda-events-wrap\">\r\n                                <div class=\"mec-past-event mec-agenda-event \">\r\n                        <i class=\"mec-sl-clock\"><\/i>                        <span class=\"mec-agenda-time\">\r\n                            <span class=\"mec-start-time\">10:00<\/span> - <span class=\"mec-end-time\">11:00<\/span>                        <\/span>\r\n                        <span class=\"mec-agenda-event-title\">\r\n                            <a class=\"mec-color-hover\" data-event-id=\"7888\" href=\"https:\/\/www.kath-kirche-lb.de\/dreieinigkeit\/events\/kinderkirche\/\" target=\"_self\" rel=\"noopener\">Kinderkirche<\/a>                                                        <span class=\"event-color\" style=\"background: #fdd700\"><\/span>                                                                                                                                        <\/span>\r\n                                                                    <\/div>\r\n                                    <\/div>\r\n        <div class=\"clearfix\"><\/div>\r\n    <\/div>\r\n            <\/div>\r\n        <\/div>\r\n    <\/div>\r\n    <div class=\"mec-skin-agenda-no-events-container mec-util-hidden\" id=\"mec_skin_no_events_258\">\r\n        Keine Veranstaltung gefunden    <\/div>\r\n    \r\n    \r\n<\/div>\r\n\n\n\n\n<p>Gestaltet wird die Kinderkirche von einem motivierten Team, momentan bestehend aus acht ehrenamtlichen Frauen und M\u00fcttern. Meist \u00fcbernehmen zwei bis drei Verantwortliche die gemeinsame Vorbereitung. Die eigentliche Alterszielgruppe sind 5- bis 9-J\u00e4hrige (Vorschul- bis Erstkommunion-Alter). Doch nat\u00fcrlich sind beispielsweise auch \u00e4ltere Geschwister oder j\u00fcngere Kinder in Begleitung Erwachsener gerne willkommen.\u00a0 Inhaltlich werden die Themen der Kinderkirche entweder passend zum Kirchenjahr gew\u00e4hlt, oder es gibt Themenreihen wie die Heiligen der Kirche, gro\u00dfe Personen des Alten Testamentes, starke und Mut machende Gleichnisse. Besondere Feste, wichtige Bibeltexte und f\u00fcr die Kinder relevante Themen werden f\u00fcr die jungen Interessierten lebendig und erfahrbar gemacht. Dabei wird gelacht, zugeh\u00f6rt, nachgedacht und ausgetauscht. Au\u00dferdem d\u00fcrfen Musik, gebastelte Vertiefung und Bewegung nat\u00fcrlich nicht fehlen.<\/p>\n\n\n\n<p>Gewohnte Elemente wie das Entz\u00fcnden der Kinderkirchenkerze und das Singen des Kinderkirchenliedes zu Beginn und das Beten des Vaterunsers zum Schluss (wenn m\u00f6glich gemeinsam mit den Erwachsenen abschlie\u00dfend in der Dreieinigkeitskirche) bilden den Rahmen der Gottesdienste.<\/p>\n\n\n\n<p>Das Team der Kinderkirche freut sich \u00fcber R\u00fcckmeldungen, Austausch und Zuwachs \u2013 und vor allem auf viele Kinderkirchenbesucher*innen.<\/p>\n\n\n<div class=\"pt-cv-wrapper\"><div class=\"pt-cv-view pt-cv-timeline pt-cv-pgloadmore\" id=\"pt-cv-view-f495b24vgb\"><div class=\"tl-spine\"><a href=\"#\"><\/a><\/div>\n<div class=\"tl-items\">\n<div class=\"tl-item pt-left\"><div class=\"tl-item-content\"><i class=\"tl-pointer\"><\/i><div class=\" pt-cv-content-item pt-cv-1-col\"  data-pid=\"7880\"><a href=\"https:\/\/www.kath-kirche-lb.de\/dreieinigkeit\/2026\/03\/13\/rueckblick-kinderkirche-vom-8-3-26\/\" class=\"_self pt-cv-href-thumbnail pt-cv-thumb-default cvplbd\" target=\"_self\" ><img loading=\"lazy\" decoding=\"async\" width=\"225\" height=\"300\" src=\"https:\/\/www.kath-kirche-lb.de\/dreieinigkeit\/wp-content\/uploads\/sites\/4\/2026\/03\/20260308_095846-225x300.jpg\" class=\"pt-cv-thumbnail img-none\" alt=\"R\u00fcckblick Kinderkirche vom 8.3.26\" srcset=\"https:\/\/www.kath-kirche-lb.de\/dreieinigkeit\/wp-content\/uploads\/sites\/4\/2026\/03\/20260308_095846-225x300.jpg 225w, https:\/\/www.kath-kirche-lb.de\/dreieinigkeit\/wp-content\/uploads\/sites\/4\/2026\/03\/20260308_095846-768x1024.jpg 768w, https:\/\/www.kath-kirche-lb.de\/dreieinigkeit\/wp-content\/uploads\/sites\/4\/2026\/03\/20260308_095846-300x400.jpg 300w, https:\/\/www.kath-kirche-lb.de\/dreieinigkeit\/wp-content\/uploads\/sites\/4\/2026\/03\/20260308_095846-1152x1536.jpg 1152w, https:\/\/www.kath-kirche-lb.de\/dreieinigkeit\/wp-content\/uploads\/sites\/4\/2026\/03\/20260308_095846-1536x2048.jpg 1536w, https:\/\/www.kath-kirche-lb.de\/dreieinigkeit\/wp-content\/uploads\/sites\/4\/2026\/03\/20260308_095846-scaled.jpg 1920w\" sizes=\"auto, (max-width: 225px) 100vw, 225px\" \/><\/a>\n<h4 class=\"pt-cv-title\"><a href=\"https:\/\/www.kath-kirche-lb.de\/dreieinigkeit\/2026\/03\/13\/rueckblick-kinderkirche-vom-8-3-26\/\" class=\"_self cvplbd\" target=\"_self\" >R\u00fcckblick Kinderkirche vom 8.3.26<\/a><\/h4>\n<div class=\"pt-cv-content\">Am vergangenen Sonntag, dem Weltgebetstag, haben wir uns in gro\u00dfer Runde im Gartensaal zur Kinderkirche getroffen. Unser Thema war eine ... <a href=\"https:\/\/www.kath-kirche-lb.de\/dreieinigkeit\/2026\/03\/13\/rueckblick-kinderkirche-vom-8-3-26\/\" class=\"_self pt-cv-readmore pt-cv-textlink cvplbd\" target=\"_self\">Weiterlesen<\/a><\/div><\/div><\/div><\/div>\n<div class=\"tl-item pt-right\"><div class=\"tl-item-content\"><i class=\"tl-pointer\"><\/i><div class=\" pt-cv-content-item pt-cv-1-col\"  data-pid=\"7778\"><a href=\"https:\/\/www.kath-kirche-lb.de\/dreieinigkeit\/2026\/01\/18\/7778\/\" class=\"_self pt-cv-href-thumbnail pt-cv-thumb-default cvplbd\" target=\"_self\" ><img loading=\"lazy\" decoding=\"async\" width=\"225\" height=\"300\" src=\"https:\/\/www.kath-kirche-lb.de\/dreieinigkeit\/wp-content\/uploads\/sites\/4\/2026\/01\/grafik-1-225x300.png\" class=\"pt-cv-thumbnail img-none\" alt=\"Kinderkirche 18.01.2026 R\u00fcckblick\" srcset=\"https:\/\/www.kath-kirche-lb.de\/dreieinigkeit\/wp-content\/uploads\/sites\/4\/2026\/01\/grafik-1-225x300.png 225w, https:\/\/www.kath-kirche-lb.de\/dreieinigkeit\/wp-content\/uploads\/sites\/4\/2026\/01\/grafik-1-768x1024.png 768w, https:\/\/www.kath-kirche-lb.de\/dreieinigkeit\/wp-content\/uploads\/sites\/4\/2026\/01\/grafik-1-300x400.png 300w, https:\/\/www.kath-kirche-lb.de\/dreieinigkeit\/wp-content\/uploads\/sites\/4\/2026\/01\/grafik-1-1152x1536.png 1152w, https:\/\/www.kath-kirche-lb.de\/dreieinigkeit\/wp-content\/uploads\/sites\/4\/2026\/01\/grafik-1-1536x2048.png 1536w, https:\/\/www.kath-kirche-lb.de\/dreieinigkeit\/wp-content\/uploads\/sites\/4\/2026\/01\/grafik-1-scaled.png 1920w\" sizes=\"auto, (max-width: 225px) 100vw, 225px\" \/><\/a>\n<h4 class=\"pt-cv-title\"><a href=\"https:\/\/www.kath-kirche-lb.de\/dreieinigkeit\/2026\/01\/18\/7778\/\" class=\"_self cvplbd\" target=\"_self\" >Kinderkirche 18.01.2026 R\u00fcckblick<\/a><\/h4>\n<div class=\"pt-cv-content\">In einer fr\u00f6hlichen und gem\u00fctlichen Runde haben wir uns am Sonntag, den 18.01.2026 im Gartensaal zur ersten Kinderkirche im neuen ... <a href=\"https:\/\/www.kath-kirche-lb.de\/dreieinigkeit\/2026\/01\/18\/7778\/\" class=\"_self pt-cv-readmore pt-cv-textlink cvplbd\" target=\"_self\">Weiterlesen<\/a><\/div><\/div><\/div><\/div>\n<div class=\"tl-item pt-left\"><div class=\"tl-item-content\"><i class=\"tl-pointer\"><\/i><div class=\" pt-cv-content-item pt-cv-1-col\"  data-pid=\"7724\"><a href=\"https:\/\/www.kath-kirche-lb.de\/dreieinigkeit\/2025\/12\/18\/bericht-kinderkirche-vom-14-12-25\/\" class=\"_self pt-cv-href-thumbnail pt-cv-thumb-default cvplbd\" target=\"_self\" ><img loading=\"lazy\" decoding=\"async\" width=\"300\" height=\"225\" src=\"https:\/\/www.kath-kirche-lb.de\/dreieinigkeit\/wp-content\/uploads\/sites\/4\/2025\/12\/grafik-300x225.png\" class=\"pt-cv-thumbnail img-none\" alt=\"Bericht Kinderkirche vom 14.12.25\" srcset=\"https:\/\/www.kath-kirche-lb.de\/dreieinigkeit\/wp-content\/uploads\/sites\/4\/2025\/12\/grafik-300x225.png 300w, https:\/\/www.kath-kirche-lb.de\/dreieinigkeit\/wp-content\/uploads\/sites\/4\/2025\/12\/grafik-1024x768.png 1024w, https:\/\/www.kath-kirche-lb.de\/dreieinigkeit\/wp-content\/uploads\/sites\/4\/2025\/12\/grafik-768x576.png 768w, https:\/\/www.kath-kirche-lb.de\/dreieinigkeit\/wp-content\/uploads\/sites\/4\/2025\/12\/grafik-1536x1152.png 1536w, https:\/\/www.kath-kirche-lb.de\/dreieinigkeit\/wp-content\/uploads\/sites\/4\/2025\/12\/grafik-2048x1536.png 2048w\" sizes=\"auto, (max-width: 300px) 100vw, 300px\" \/><\/a>\n<h4 class=\"pt-cv-title\"><a href=\"https:\/\/www.kath-kirche-lb.de\/dreieinigkeit\/2025\/12\/18\/bericht-kinderkirche-vom-14-12-25\/\" class=\"_self cvplbd\" target=\"_self\" >Bericht Kinderkirche vom 14.12.25<\/a><\/h4>\n<div class=\"pt-cv-content\">Am 14.12.25 feierten wir wieder unseren\u00a0Gottesdienst der Kinderkirche. Kurz vor Weihnachten widmeten wir uns dem Leben der Heiligen Luzia und ... <a href=\"https:\/\/www.kath-kirche-lb.de\/dreieinigkeit\/2025\/12\/18\/bericht-kinderkirche-vom-14-12-25\/\" class=\"_self pt-cv-readmore pt-cv-textlink cvplbd\" target=\"_self\">Weiterlesen<\/a><\/div><\/div><\/div><\/div>\n<div class=\"tl-item pt-right\"><div class=\"tl-item-content\"><i class=\"tl-pointer\"><\/i><div class=\" pt-cv-content-item pt-cv-1-col\"  data-pid=\"7545\"><a href=\"https:\/\/www.kath-kirche-lb.de\/dreieinigkeit\/2025\/09\/28\/bericht-von-der-kiki-vom-21-09-25\/\" class=\"_self pt-cv-href-thumbnail pt-cv-thumb-default cvplbd\" target=\"_self\" ><\/a>\n<h4 class=\"pt-cv-title\"><a href=\"https:\/\/www.kath-kirche-lb.de\/dreieinigkeit\/2025\/09\/28\/bericht-von-der-kiki-vom-21-09-25\/\" class=\"_self cvplbd\" target=\"_self\" >Bericht von der Kiki vom 21.09.25<\/a><\/h4>\n<div class=\"pt-cv-content\">Im Gottesdienst der Kinderkirche, am 21.09.25, widmeten wir uns dem Gleichnis vom ungerechten Haushalter. Zuerst lasen wir gemeinsam die Geschichte ... <a href=\"https:\/\/www.kath-kirche-lb.de\/dreieinigkeit\/2025\/09\/28\/bericht-von-der-kiki-vom-21-09-25\/\" class=\"_self pt-cv-readmore pt-cv-textlink cvplbd\" target=\"_self\">Weiterlesen<\/a><\/div><\/div><\/div><\/div>\n<\/div><\/div><\/div>\t\t\t<style type=\"text\/css\" id=\"pt-cv-inline-style-fb0fb05a8h\">#pt-cv-view-f495b24vgb .pt-cv-title a, #pt-cv-view-f495b24vgb  .panel-title { font-weight: 600 !important; }\n#pt-cv-view-f495b24vgb .pt-cv-carousel-caption  { background-color: rgba(51,51,51,.6) !important; }\n#pt-cv-view-f495b24vgb .pt-cv-specialp { background-color: #CC3333 !important }\n#pt-cv-view-f495b24vgb .pt-cv-specialp * { color: #fff !important; }\n#pt-cv-view-f495b24vgb .pt-cv-pficon  { color: #bbb !important; }\n#pt-cv-view-f495b24vgb .pt-cv-readmore:hover  { color: #ffffff !important; background-color: #00aeef !important; }\n#pt-cv-view-f495b24vgb  + .pt-cv-pagination-wrapper .pt-cv-more , #pt-cv-view-f495b24vgb  + .pt-cv-pagination-wrapper .pagination .active a { color: #ffffff !important; background-color: #00aeef !important; }<\/style>\r\n\t\t\t\n","protected":false},"excerpt":{"rendered":"<p>Ungef\u00e4hr einmal im Monat findet in der Gemeinde Zur Heiligsten Dreieinigkeit die sogenannte \u201eKinderkirche\u201c f\u00fcr die j\u00fcngsten Gemeindemitglieder statt. In der Regel wird diese im Haus der Katholischen Kirche gefeiert, zeitlich parallel zu den sonnt\u00e4glichen Gottesdiensten der Erwachsenen. Die n\u00e4chsten Termine sind Gestaltet wird die Kinderkirche von einem motivierten Team, momentan bestehend aus acht ehrenamtlichen [&hellip;]<\/p>\n","protected":false},"author":1,"featured_media":0,"parent":0,"menu_order":0,"comment_status":"closed","ping_status":"closed","template":"","meta":{"footnotes":""},"class_list":["post-5","page","type-page","status-publish","hentry"],"_links":{"self":[{"href":"https:\/\/www.kath-kirche-lb.de\/dreieinigkeit\/wp-json\/wp\/v2\/pages\/5","targetHints":{"allow":["GET"]}}],"collection":[{"href":"https:\/\/www.kath-kirche-lb.de\/dreieinigkeit\/wp-json\/wp\/v2\/pages"}],"about":[{"href":"https:\/\/www.kath-kirche-lb.de\/dreieinigkeit\/wp-json\/wp\/v2\/types\/page"}],"author":[{"embeddable":true,"href":"https:\/\/www.kath-kirche-lb.de\/dreieinigkeit\/wp-json\/wp\/v2\/users\/1"}],"replies":[{"embeddable":true,"href":"https:\/\/www.kath-kirche-lb.de\/dreieinigkeit\/wp-json\/wp\/v2\/comments?post=5"}],"version-history":[{"count":49,"href":"https:\/\/www.kath-kirche-lb.de\/dreieinigkeit\/wp-json\/wp\/v2\/pages\/5\/revisions"}],"predecessor-version":[{"id":6539,"href":"https:\/\/www.kath-kirche-lb.de\/dreieinigkeit\/wp-json\/wp\/v2\/pages\/5\/revisions\/6539"}],"wp:attachment":[{"href":"https:\/\/www.kath-kirche-lb.de\/dreieinigkeit\/wp-json\/wp\/v2\/media?parent=5"}],"curies":[{"name":"wp","href":"https:\/\/api.w.org\/{rel}","templated":true}]}}