{"id":7926,"date":"2026-04-13T18:08:58","date_gmt":"2026-04-13T16:08:58","guid":{"rendered":"https:\/\/www.kath-kirche-lb.de\/dreieinigkeit\/?page_id=7926"},"modified":"2026-04-13T18:09:06","modified_gmt":"2026-04-13T16:09:06","slug":"oekumene","status":"publish","type":"page","link":"https:\/\/www.kath-kirche-lb.de\/dreieinigkeit\/oekumene\/","title":{"rendered":"\u00d6kumene"},"content":{"rendered":"\n<p>Vorschau Fr\u00fchschicht im Advent:<\/p>\n\n\n\n<p>Donnerstag,&nbsp; 3.12.2026&nbsp;&nbsp;&nbsp;&nbsp;&nbsp;&nbsp;&nbsp;&nbsp; Dreieinigkeit<\/p>\n\n\n\n<p>Donnerstag, 10.12.2026&nbsp;&nbsp;&nbsp;&nbsp;&nbsp;&nbsp;&nbsp; Stadtkirche<\/p>\n\n\n\n<p>Donnerstag, 17.12.2026&nbsp;&nbsp;&nbsp;&nbsp;&nbsp;&nbsp;&nbsp; Dreieinigkeit<\/p>\n\n\n\n<p>(jeweils 6.30 Uhr, anschlie\u00dfend gemeinsames Fr\u00fchst\u00fcck)<\/p>\n","protected":false},"excerpt":{"rendered":"<p>Vorschau Fr\u00fchschicht im Advent: Donnerstag,&nbsp; 3.12.2026&nbsp;&nbsp;&nbsp;&nbsp;&nbsp;&nbsp;&nbsp;&nbsp; Dreieinigkeit Donnerstag, 10.12.2026&nbsp;&nbsp;&nbsp;&nbsp;&nbsp;&nbsp;&nbsp; Stadtkirche Donnerstag, 17.12.2026&nbsp;&nbsp;&nbsp;&nbsp;&nbsp;&nbsp;&nbsp; Dreieinigkeit (jeweils 6.30 Uhr, anschlie\u00dfend gemeinsames Fr\u00fchst\u00fcck)<\/p>\n","protected":false},"author":19,"featured_media":0,"parent":0,"menu_order":0,"comment_status":"closed","ping_status":"closed","template":"","meta":{"footnotes":""},"class_list":["post-7926","page","type-page","status-publish","hentry"],"_links":{"self":[{"href":"https:\/\/www.kath-kirche-lb.de\/dreieinigkeit\/wp-json\/wp\/v2\/pages\/7926","targetHints":{"allow":["GET"]}}],"collection":[{"href":"https:\/\/www.kath-kirche-lb.de\/dreieinigkeit\/wp-json\/wp\/v2\/pages"}],"about":[{"href":"https:\/\/www.kath-kirche-lb.de\/dreieinigkeit\/wp-json\/wp\/v2\/types\/page"}],"author":[{"embeddable":true,"href":"https:\/\/www.kath-kirche-lb.de\/dreieinigkeit\/wp-json\/wp\/v2\/users\/19"}],"replies":[{"embeddable":true,"href":"https:\/\/www.kath-kirche-lb.de\/dreieinigkeit\/wp-json\/wp\/v2\/comments?post=7926"}],"version-history":[{"count":1,"href":"https:\/\/www.kath-kirche-lb.de\/dreieinigkeit\/wp-json\/wp\/v2\/pages\/7926\/revisions"}],"predecessor-version":[{"id":7927,"href":"https:\/\/www.kath-kirche-lb.de\/dreieinigkeit\/wp-json\/wp\/v2\/pages\/7926\/revisions\/7927"}],"wp:attachment":[{"href":"https:\/\/www.kath-kirche-lb.de\/dreieinigkeit\/wp-json\/wp\/v2\/media?parent=7926"}],"curies":[{"name":"wp","href":"https:\/\/api.w.org\/{rel}","templated":true}]}}