{"id":9,"date":"2021-10-01T20:34:08","date_gmt":"2021-10-01T18:34:08","guid":{"rendered":"https:\/\/www.kath-kirche-lb.de\/dreieinigkeit\/?page_id=9"},"modified":"2025-11-08T09:49:46","modified_gmt":"2025-11-08T08:49:46","slug":"impressum-datenschutz","status":"publish","type":"page","link":"https:\/\/www.kath-kirche-lb.de\/dreieinigkeit\/impressum-datenschutz\/","title":{"rendered":"Impressum &amp; Datenschutz"},"content":{"rendered":"\n<p><strong>Katholische Kirche in Ludwigsburg \/ Gemeinde zur Heiligsten Dreieinigkeit mit St. Josef<br><\/strong><br>Marktplatz 5\/1<br>71634 Ludwigsburg<br>Tel: +49 (0)7141 \/ 1411-600<br>Fax:&nbsp; +49 (0)7141 \/ 1411-690<br>E-Mail: <a href=\"mailto:SE.Ludwigsburg@drs.de\">SE.Ludwigsburg@drs.de<\/a><\/p>\n\n\n\n<p>1. Vorsitzender: Leitender Pfarrer Dr. Alois Krist<br>2. Vorsitzende: Dr. Gabriele Schwenk-Ebbighausen<br>Stellvertretende 2. Vorsitzende: Thomas Engelbrecht und Dr. Eberhard Huber<\/p>\n\n\n\n<p><strong>Haftungsausschlu\u00df<\/strong><\/p>\n\n\n\n<p>Wir \u00fcbernehmen keine Gew\u00e4hr f\u00fcr die Aktualit\u00e4t, Korrektheit, Vollst\u00e4ndigkeit oder Qualit\u00e4t der bereitgestellten Informationen. Haftungsanspr\u00fcche, welche sich auf Sch\u00e4den materieller oder ideeller Art beziehen, die durch die Nutzung oder Nichtnutzung der dargebotenen Informationen bzw. durch die Nutzung fehlerhafter und unvollst\u00e4ndiger Informationen verursacht wurden, sind grunds\u00e4tzlich ausgeschlossent. Alle Angebote sind freibleibend und unverbindlich. Wie behalten es uns ausdr\u00fccklich vor, Teile der Seiten oder das gesamte Angebot ohne gesonderte Ank\u00fcndigung zu ver\u00e4ndern, zu erg\u00e4nzen, zu l\u00f6schen oder die Ver\u00f6ffentlichung zeitweise oder endg\u00fcltig einzustellen.<\/p>\n\n\n\n<p><strong>Datenschutzerkl\u00e4rung<\/strong><\/p>\n\n\n\n<p>Wir nehmen Datenschutz und das Recht auf informelle Selbstbestimmung ernst und speichern sehr wenig personenbezogenen Daten.<\/p>\n\n\n\n<p>Cookies werden nur f\u00fcr wenige Funktionen (z.B. Mitarbeiter*innen Login) ben\u00f6tigt. Die Nutzung der Seiten f\u00fcr Leser*innen ist ohne Cookies m\u00f6glich.<\/p>\n\n\n\n<p>Es werden nur werden kumulierte Zugriffszahlen gespeichert. IP-Adressen werden irreversibel anonymisiert. Systeme Dritter zur Auswertung von Zugriffen werden nicht eingesetzt.<\/p>\n\n\n\n<p>Eine funktionale Verbindung zu Social-Media-Plattfomen besteht nicht.<\/p>\n","protected":false},"excerpt":{"rendered":"<p>Katholische Kirche in Ludwigsburg \/ Gemeinde zur Heiligsten Dreieinigkeit mit St. JosefMarktplatz 5\/171634 LudwigsburgTel: +49 (0)7141 \/ 1411-600Fax:&nbsp; +49 (0)7141 \/ 1411-690E-Mail: SE.Ludwigsburg@drs.de 1. Vorsitzender: Leitender Pfarrer Dr. Alois Krist2. Vorsitzende: Dr. Gabriele Schwenk-EbbighausenStellvertretende 2. Vorsitzende: Thomas Engelbrecht und Dr. Eberhard Huber Haftungsausschlu\u00df Wir \u00fcbernehmen keine Gew\u00e4hr f\u00fcr die Aktualit\u00e4t, Korrektheit, Vollst\u00e4ndigkeit oder Qualit\u00e4t der [&hellip;]<\/p>\n","protected":false},"author":1,"featured_media":0,"parent":0,"menu_order":0,"comment_status":"closed","ping_status":"closed","template":"","meta":{"footnotes":""},"class_list":["post-9","page","type-page","status-publish","hentry"],"_links":{"self":[{"href":"https:\/\/www.kath-kirche-lb.de\/dreieinigkeit\/wp-json\/wp\/v2\/pages\/9","targetHints":{"allow":["GET"]}}],"collection":[{"href":"https:\/\/www.kath-kirche-lb.de\/dreieinigkeit\/wp-json\/wp\/v2\/pages"}],"about":[{"href":"https:\/\/www.kath-kirche-lb.de\/dreieinigkeit\/wp-json\/wp\/v2\/types\/page"}],"author":[{"embeddable":true,"href":"https:\/\/www.kath-kirche-lb.de\/dreieinigkeit\/wp-json\/wp\/v2\/users\/1"}],"replies":[{"embeddable":true,"href":"https:\/\/www.kath-kirche-lb.de\/dreieinigkeit\/wp-json\/wp\/v2\/comments?post=9"}],"version-history":[{"count":6,"href":"https:\/\/www.kath-kirche-lb.de\/dreieinigkeit\/wp-json\/wp\/v2\/pages\/9\/revisions"}],"predecessor-version":[{"id":7695,"href":"https:\/\/www.kath-kirche-lb.de\/dreieinigkeit\/wp-json\/wp\/v2\/pages\/9\/revisions\/7695"}],"wp:attachment":[{"href":"https:\/\/www.kath-kirche-lb.de\/dreieinigkeit\/wp-json\/wp\/v2\/media?parent=9"}],"curies":[{"name":"wp","href":"https:\/\/api.w.org\/{rel}","templated":true}]}}