{"id":4118,"date":"2021-10-07T16:26:22","date_gmt":"2021-10-07T14:26:22","guid":{"rendered":"https:\/\/www.kath-kirche-lb.de\/st-elisabeth\/?page_id=4118"},"modified":"2025-05-20T16:59:18","modified_gmt":"2025-05-20T14:59:18","slug":"pfarrbuero","status":"publish","type":"page","link":"https:\/\/www.kath-kirche-lb.de\/st-elisabeth\/kirche-pfarrburo\/pfarrbuero\/","title":{"rendered":"Pfarrb\u00fcro"},"content":{"rendered":"\n<p>Moldaustra\u00dfe 20<br>71638 Ludwigsburg &#8211; Gr\u00fcnb\u00fchl<br>Frau Barbara Kirchner<\/p>\n\n\n\n<p class=\"has-text-align-left\">Telefon:  07141 893367<br>Fax:         07141 893368<\/p>\n\n\n\n<p>E-Mail: <a href=\"mailto:StElisabeth.Ludwigsburg-Gruenbuehl@drs.de\">StElisabeth.Ludwigsburg-Gruenbuehl@drs.de<\/a><\/p>\n\n\n\n<figure class=\"wp-block-table is-style-stripes\"><table><tbody><tr><td> <strong>\u00d6ffnungszeiten Pfarrb\u00fcro:<\/strong>  <\/td><td>Dienstags von 8:30 \u2013 13:00 Uhr und von 13:30 &#8211; 16:30 Uhr<\/td><\/tr><tr><td><\/td><td><\/td><\/tr><\/tbody><\/table><\/figure>\n\n\n\n<h2 class=\"wp-block-heading\">Pastorale Ansprechperson<\/h2>\n\n\n<div class=\"wp-block-image\">\n<figure class=\"alignleft size-full is-resized\"><img loading=\"lazy\" decoding=\"async\" width=\"960\" height=\"960\" src=\"https:\/\/www.kath-kirche-lb.de\/st-elisabeth\/wp-content\/uploads\/sites\/7\/2022\/05\/217391955_4679602462053189_7253926463809219207_n.jpg\" alt=\"\" class=\"wp-image-7022\" style=\"width:172px;height:172px\" srcset=\"https:\/\/www.kath-kirche-lb.de\/st-elisabeth\/wp-content\/uploads\/sites\/7\/2022\/05\/217391955_4679602462053189_7253926463809219207_n.jpg 960w, https:\/\/www.kath-kirche-lb.de\/st-elisabeth\/wp-content\/uploads\/sites\/7\/2022\/05\/217391955_4679602462053189_7253926463809219207_n-300x300.jpg 300w, https:\/\/www.kath-kirche-lb.de\/st-elisabeth\/wp-content\/uploads\/sites\/7\/2022\/05\/217391955_4679602462053189_7253926463809219207_n-150x150.jpg 150w, https:\/\/www.kath-kirche-lb.de\/st-elisabeth\/wp-content\/uploads\/sites\/7\/2022\/05\/217391955_4679602462053189_7253926463809219207_n-768x768.jpg 768w\" sizes=\"auto, (max-width: 960px) 100vw, 960px\" \/><figcaption class=\"wp-element-caption\">Diakon Andreas Greis<\/figcaption><\/figure>\n<\/div>\n\n\n<p><\/p>\n\n\n\n<p>Telefon: 07141 3733771<br>Mobil: 0173 9361132<\/p>\n\n\n\n<p>E-Mail: <a href=\"mailto:andreas.greis@drs.de\">andreas.greis@drs.de<\/a><\/p>\n","protected":false},"excerpt":{"rendered":"<p>Moldaustra\u00dfe 2071638 Ludwigsburg &#8211; Gr\u00fcnb\u00fchlFrau Barbara Kirchner Telefon: 07141 893367Fax: 07141 893368 E-Mail: StElisabeth.Ludwigsburg-Gruenbuehl@drs.de \u00d6ffnungszeiten Pfarrb\u00fcro: Dienstags von 8:30 \u2013 13:00 Uhr und von 13:30 &#8211; 16:30 Uhr Pastorale Ansprechperson Telefon: 07141 3733771Mobil: 0173 9361132 E-Mail: andreas.greis@drs.de<\/p>\n","protected":false},"author":3,"featured_media":0,"parent":445,"menu_order":0,"comment_status":"closed","ping_status":"closed","template":"","meta":{"footnotes":""},"class_list":["post-4118","page","type-page","status-publish","hentry"],"_links":{"self":[{"href":"https:\/\/www.kath-kirche-lb.de\/st-elisabeth\/wp-json\/wp\/v2\/pages\/4118","targetHints":{"allow":["GET"]}}],"collection":[{"href":"https:\/\/www.kath-kirche-lb.de\/st-elisabeth\/wp-json\/wp\/v2\/pages"}],"about":[{"href":"https:\/\/www.kath-kirche-lb.de\/st-elisabeth\/wp-json\/wp\/v2\/types\/page"}],"author":[{"embeddable":true,"href":"https:\/\/www.kath-kirche-lb.de\/st-elisabeth\/wp-json\/wp\/v2\/users\/3"}],"replies":[{"embeddable":true,"href":"https:\/\/www.kath-kirche-lb.de\/st-elisabeth\/wp-json\/wp\/v2\/comments?post=4118"}],"version-history":[{"count":5,"href":"https:\/\/www.kath-kirche-lb.de\/st-elisabeth\/wp-json\/wp\/v2\/pages\/4118\/revisions"}],"predecessor-version":[{"id":8656,"href":"https:\/\/www.kath-kirche-lb.de\/st-elisabeth\/wp-json\/wp\/v2\/pages\/4118\/revisions\/8656"}],"up":[{"embeddable":true,"href":"https:\/\/www.kath-kirche-lb.de\/st-elisabeth\/wp-json\/wp\/v2\/pages\/445"}],"wp:attachment":[{"href":"https:\/\/www.kath-kirche-lb.de\/st-elisabeth\/wp-json\/wp\/v2\/media?parent=4118"}],"curies":[{"name":"wp","href":"https:\/\/api.w.org\/{rel}","templated":true}]}}