{"id":8767,"date":"2026-02-27T10:51:05","date_gmt":"2026-02-27T09:51:05","guid":{"rendered":"https:\/\/www.kath-kirche-lb.de\/st-elisabeth\/?page_id=8767"},"modified":"2026-03-26T10:56:44","modified_gmt":"2026-03-26T09:56:44","slug":"kreuzwegimpulse","status":"publish","type":"page","link":"https:\/\/www.kath-kirche-lb.de\/st-elisabeth\/kreuzwegimpulse\/","title":{"rendered":"Kreuzwegimpulse"},"content":{"rendered":"\n<figure class=\"wp-block-image size-large is-resized\"><img loading=\"lazy\" decoding=\"async\" width=\"1024\" height=\"768\" src=\"https:\/\/www.kath-kirche-lb.de\/st-elisabeth\/wp-content\/uploads\/sites\/7\/2026\/03\/signal-2026-03-04-180227-1024x768.jpeg\" alt=\"\" class=\"wp-image-8775\" style=\"width:716px;height:auto\" srcset=\"https:\/\/www.kath-kirche-lb.de\/st-elisabeth\/wp-content\/uploads\/sites\/7\/2026\/03\/signal-2026-03-04-180227-1024x768.jpeg 1024w, https:\/\/www.kath-kirche-lb.de\/st-elisabeth\/wp-content\/uploads\/sites\/7\/2026\/03\/signal-2026-03-04-180227-300x225.jpeg 300w, https:\/\/www.kath-kirche-lb.de\/st-elisabeth\/wp-content\/uploads\/sites\/7\/2026\/03\/signal-2026-03-04-180227-768x576.jpeg 768w, https:\/\/www.kath-kirche-lb.de\/st-elisabeth\/wp-content\/uploads\/sites\/7\/2026\/03\/signal-2026-03-04-180227-1536x1152.jpeg 1536w, https:\/\/www.kath-kirche-lb.de\/st-elisabeth\/wp-content\/uploads\/sites\/7\/2026\/03\/signal-2026-03-04-180227.jpeg 1600w\" sizes=\"auto, (max-width: 1024px) 100vw, 1024px\" \/><\/figure>\n\n\n\n<p><strong>Station 1: Palmsonntag<\/strong><\/p>\n\n\n\n<p>Schr\u00e4ge Typen sind \u201ein\u201c. Sie fallen auf, sie polarisieren, sie faszinieren die einen und wirken absto\u00dfend auf andere. Wir kennen das aus Castingshows, vielleicht aus dem Schul- und Berufsumfeld, selbst in der Politik gibt es Menschen, die durch ihr Auftreten auffallen. Der ist voll cool, der hat was an der Waffel, die ist eine krasse Au\u00dfenseiterin, weil sie sich um andere k\u00fcmmert, die ist ne total angesagte Influencerin, die t\u00e4glich mit neuen Schminktipps meine Timeline bei Insta f\u00fcllt\u2026<\/p>\n\n\n\n<p>Ja, hochgejubelt ist man schnell \u2013 fallen gelassen noch schneller. Wenn man nicht ins Schema passt, ist man schnell weg \u2013 im Sport, der Musik genauso wie im Leben\u2026<\/p>\n\n\n\n<p>Und das gabs wohl schon immer: Auch Jesus wurde bejubelt und wie ein K\u00f6nig gefeiert \u2013 weil er so nah bei den Menschen war, sich um die Armen und Kranken gek\u00fcmmert hat, weil er den Blick f\u00fcr sie hatte und vor allem eine Hoffnung verk\u00fcndet hat, die \u00fcber alle Hoffnungslosigkeit hinaus geht \u2013 die Hoffnung auf das Reich Gottes.<\/p>\n\n\n\n<p>F\u00fcr andere, vor allem die Einflussreichen, war er ein Freak, ein St\u00f6rer \u2013 denn das Motto: Der St\u00e4rkere gewinnt immer \u2013 das passt nicht zu Jesus und seiner Botschaft. Ebenso wenig wie sein Auftreten: Er kommt auf einem Esel in die Stadt geritten \u2013 ein K\u00f6nig, der auf einem Esel reitet, wo gibt\u2019s denn sowas?!Warum gerade ein Esel? Pferde gabs doch sicher auch genug, die er h\u00e4tte nehmen k\u00f6nnen? Ein Esel wird in der Regel als stur und st\u00f6rrisch bezeichnet. Auch den Ausdruck \u201eDu dummer Esel!\u201c kennen wir. Aber der Esel hat in der Bibel eine andere Bedeutung. Er ist ein Last- und Reittier. Er ist ein wertvoller Besitz. Im Gegensatz zum Esel ist ein Pferd ein Symbol f\u00fcr den Krieg und Macht und puren Reichtum. Der Esel symbolisiert den Frieden und ist deshalb auch das Reittier dieses K\u00f6nigs. Der Esel ist stark mit der Lebensgeschichte Jesu verbunden. F\u00fcr uns geh\u00f6rt der Esel zu der Weihnachtskrippe dazu. Ochs und Esel stehen nicht als sch\u00f6nes Bild in der Krippe, sondern als Mahnung. Dieses Bild hat seinen Ursprung beim Propheten Jesaja. Der Ochse und der (dumme) Esel erkennen den Herrn in der Krippe. Aber was ist mit uns Menschen? Erkennen wir ihn? Im Stall steht die Welt Kopf. Keiner der Menschen bemerkt die Geburt von Jesus. Nur der Ochse, der Esel und die Hirten, die am Rande der Gesellschaft stehen, erkennen die Herrlichkeit Gottes.Nun, wenige Tage vor der Kreuzigung, kommt der Esel wieder in Erscheinung. Jesus reitet in Jerusalem ein. Gerade der Esel passt hier zu der Botschaft Jesu. Gottes Reich soll ohne Gewalt und Krieg durchgesetzt werden &#8211; sanftm\u00fctig aber mit gro\u00dfer Kraft. Mit Jesus kann man wirklich Lasten bewegen.Jesus reitet auf einem Esel in Jerusalem ein, die Menschen breiteten ihre Kleider auf der Stra\u00dfe aus, heute w\u00fcrde man einen roten Teppich ausrollen. Auch w\u00fcrden wir keine Zweige von den B\u00e4umen rei\u00dfen, sondern mit Fahnen winken und ihn verehren.<\/p>\n\n\n\n<p>Gebet:<\/p>\n\n\n\n<p>Jesus, Du bist damals in Jerusalem eingezogen, wie ein K\u00f6nig. Die Menschen haben gejubelt, gesungen und sich \u00fcber dich gefreut.<br>Mit T\u00fcchern und Palmzweigen haben sie dich begr\u00fc\u00dft. Auch wir denken an dich und zeigen dir, dass wir an dich glauben und du f\u00fcr uns wichtig bist. Sei gerade jetzt bei uns und schick uns ganz viel Kraft und Hoffnung. Amen.<\/p>\n\n\n\n<p>Aber lassen wir den Esel doch selbst zu Wort kommen:<\/p>\n\n\n\n<p>Iaaahh!!<br>Wisst Ihr, wer ich bin? &#8211; Graufell mein Name<br>und ich kann euch sagen, ich bin ein ganz, ganz, ganz besonderer Esel! Denn, stellt euch vor, JESUS ist auf mir geritten! Das ist zwar schon ein paar J\u00e4hrchen her, aber ich will euch trotzdem davon erz\u00e4hlen!<br>Ich war also vor unserem Haus und knabberte an ein paar d\u00fcrren Halmen herum, da h\u00f6rte ich, wie ein paar M\u00e4nner mit meinem Chef verhandelten. Und der hat mich so einfach eben mal an diese Leute ausgeliehen! Kurzerhand packten die meinen Strick, den ich um meinen Hals hatte, und f\u00fchrten mich weg. Als ich immer noch \u00fcberlegte, ob ich einfach bockig stehen bleiben sollte, da stand er pl\u00f6tzlich vor mir: JESUS! Er kraulte mich am Kopf, sprach beruhigend auf mich ein und setzte sich auf meinen R\u00fccken. Und dann ging\u2019s los. Wir zogen nach Jerusalem. Schon vor dem Stadttor standen unglaublich viele Menschen am Stra\u00dfenrand. Sie winkten mit Palmzweigen, breiteten ihre Umh\u00e4nge auf dem staubigen Weg aus und jubelten uns zu. Es war unglaublich! Jesus wurde wie ein toller K\u00f6nig begr\u00fc\u00dft. Die Menschen fanden ihn einfach super! ABER \u2013 nicht alle! Mit der Zeit \u00e4nderte sich die Stimmung. Ich habe genau gesp\u00fcrt, dass uns einige Leute und auch Soldaten schief angeschaut haben. Und dann ging alles ganz schnell\u2026Gerade noch hab ich die ganzen Lebensmittel f\u00fcr das Essen mit seinen Freunden von mir abladen lassen, kamen auch schon fast die Soldaten und haben Jesus verhaftet und gekreuzigt. Iaaahh! Jetzt denkt ihr wohl, dass die Geschichte mit Jesus zu Ende ist. Denn wenn jemand stirbt, dann ist normalerweise alles vorbei. ABER \u2013 da habt ihr euch get\u00e4uscht! Bei Jesus war das anders! Er ist Gottes Sohn und hat mit Gottes Kraft den Tod besiegt. Er ist auferstanden. Er will euch mit seinem Weg Hoffnung schenken. Bitte glaubt daran, dass aus Traurigkeit wieder Freude werden kann. Habt Mut und gebt nicht auf. Bei Jesus k\u00f6nnen wir lernen, dass man dunkle Zeiten durchstehen kann. Macht\u2019s gut und vergesst mich nicht.<\/p>\n\n\n\n<p>Euer Graufell, der ganz, ganz, ganz besondere Esel<\/p>\n\n\n\n<p>Gott erf\u00fclle unser Leben mit Kraft,<br>dass wir Niederlagen hinnehmen k\u00f6nnen, ohne aufzugeben;<br>dass wir leiden k\u00f6nnen, ohne zu zerbrechen;<br>dass wir mit offenen Fragen leben k\u00f6nnen, ohne die Hoffnung preiszugeben,<br>dass wir seine Gegenwart feiern und unser Leben annehmen.<br>Es segne uns der Gott des Lebens\u2026<\/p>\n\n\n\n<p><strong>Impuls zur 2. Station: Letztes Abendmahl<\/strong><\/p>\n\n\n\n<figure class=\"wp-block-image size-large is-resized\"><img loading=\"lazy\" decoding=\"async\" width=\"1024\" height=\"768\" src=\"https:\/\/www.kath-kirche-lb.de\/st-elisabeth\/wp-content\/uploads\/sites\/7\/2026\/03\/IMG_4367-1024x768.jpg\" alt=\"\" class=\"wp-image-8781\" style=\"width:664px;height:auto\" srcset=\"https:\/\/www.kath-kirche-lb.de\/st-elisabeth\/wp-content\/uploads\/sites\/7\/2026\/03\/IMG_4367-1024x768.jpg 1024w, https:\/\/www.kath-kirche-lb.de\/st-elisabeth\/wp-content\/uploads\/sites\/7\/2026\/03\/IMG_4367-300x225.jpg 300w, https:\/\/www.kath-kirche-lb.de\/st-elisabeth\/wp-content\/uploads\/sites\/7\/2026\/03\/IMG_4367-768x576.jpg 768w, https:\/\/www.kath-kirche-lb.de\/st-elisabeth\/wp-content\/uploads\/sites\/7\/2026\/03\/IMG_4367-1536x1152.jpg 1536w, https:\/\/www.kath-kirche-lb.de\/st-elisabeth\/wp-content\/uploads\/sites\/7\/2026\/03\/IMG_4367.jpg 2016w\" sizes=\"auto, (max-width: 1024px) 100vw, 1024px\" \/><\/figure>\n\n\n\n<p>Lied: Basis: \u201eWenn ich nur noch einen Tag zu leben h\u00e4tte\u201c (1998)<\/p>\n\n\n\n<p>Was w\u00e4r, wenn ich nur noch einen Tag zu leben h\u00e4tte, was w\u00e4r dann?<br>&#8211; Am letzten Tag w\u00fcrd&#8216; ich mit Sicherheit nicht zur Schule gehen<br>Warum mich \u00e4rgern lassen Von Lehrern, die mich nicht verstehen<br>Stattdessen will ich meinen Ex-Freund nicht vergessen<br>Wir haben noch &#8217;ne Rechnung offen<br>Ich werd&#8216; ihn richtig stressen<br>&#8211; Ich w\u00fcrd&#8216; mit meinen Jungs eine kleine T\u00fcte bauen<br>Es g\u00e4be keinen Grund, die letzten Stunden zu versauen<br>&#8211; Verhaun ham&#8216; wir oft genug den Typ, den alle fertigmachen<br>Ich w\u00fcrd&#8216; ihn einladen und nicht \u00fcber, sondern mit ihm lachen<br>Refrain:<br>Wenn ich nur noch ein<br>Wenn ich nur noch einen Tag<br>Wenn ich nur noch ein<br>Wenn ich nur noch einen Tag<br>Zu leben h\u00e4tte, ah, ah<br>Was w\u00fcrd&#8216; ich tun, was w\u00fcrd&#8216; ich tun?<br>Was dann, was dann?<br>&#8211; Ich w\u00fcrd&#8216; gern mit Michael J. um ein paar K\u00f6rbe spielen<br>&#8211; Und um mein letztes Taschengeld mit meiner Mutter deal&#8217;n<br>&#8211; Ich w\u00fcrd&#8216; noch einmal Klamotten kaufen gehen<br>Damit lass&#8216; ich mich dann auf meiner letzten Party sehn<br>&#8211; Den letzten Tag will ich mit meinem Freund verbringen<br>[\u2026]<br>Refrain (2x)<br>Was dann, was ist denn schon so&#8217;n Tag?<br>&#8211; Ich w\u00fcrd&#8216; ne Party geben und feiern bis zum Schluss<br>Will nochmal fett abgehn bevor ich weggehen muss<br>Doch was f\u00fcr&#8217;n Stuss<br>Das alles macht mich froh<br>Warum leb&#8217;ich dann nicht immer so, immer so?<br>Was w\u00fcrd&#8216; ich tun, was w\u00fcrd&#8216; ich tun?<br>Refrain<br>Was ist denn schon so&#8217;n Tag?<\/p>\n\n\n\n<p>Dieser Frage muss sich Jesus auch stellen. Was will er noch tun, bevor er stirbt?<br>Er will mit seinen Freunden sein, mit ihnen essen \u2013 er will die Freundschaft sp\u00fcren und nochmals genie\u00dfen, miteinander Zeit zu verbringen. Und er nutzt diese Zeit, um ihnen zu sagen, was ihm wichtig war und ist \u2013 auch wenn nicht alles gleich verst\u00e4ndlich ist.<br>Das ist mein Leib, das ist mein Blut \u2013 nur so erhaltet ihr Anteil an mir und wenn ihr f\u00fcreinander da seid und einander dient.<br>Die Fu\u00dfwaschung ist da ein deutliches Zeichen \u2013 als Jesus seinen Freunden die F\u00fc\u00dfe w\u00e4scht. Nur wer dient, kann leiten. <br>Nur wer an Anderen Gutes tut, kann auch Verantwortung und F\u00fchrung \u00fcbernehmen. F\u00fcr die J\u00fcnger, die Jesu Nachfolge angetreten sind und seine Botschaft verk\u00fcnden, gilt das genauso wie f\u00fcr uns heute.<br>Das ist eine gro\u00dfe Aufgabe, doch Jesus schenkt sich ihnen selbst. Er bleibt bei ihnen, teilt sich ihnen im wahrsten Sinne des Wortes mit: Das ist mein Leib, mein Blut\u2026 Tut dies zu meinem Ged\u00e4chtnis. Das ist mehr als nur Erinnerung, es ist das Lebendighalten Jesu in uns. Er will nachwievor durch uns in der Welt sein und zu den Menschen kommen \u2013 egal wo, besonders im Alltag und in den Herausforderungen des Lebens.<\/p>\n\n\n\n<p><strong>Gebet:<\/strong><\/p>\n\n\n\n<p>Ein Brot, Herr, ist Brot zum Teilen,<br>und wer es nimmt, will besorgt sein um das Gl\u00fcck des Andern.<br>Liebe hat Ohren, auf den N\u00e4chsten zu h\u00f6ren;<br>hat Augen, um seine Not zu sehen;<br>hat F\u00fc\u00dfe, um zu ihm hinzugehen;<br>hat H\u00e4nde, um zu helfen.<br>Liebe hat ein Herz, das sich verschenken kann.<br><em>Friedrich Dietz<\/em><\/p>\n\n\n\n<p><strong>Zum Segen:<\/strong><\/p>\n\n\n\n<p><strong>Brot und Wein<\/strong><br>geh\u00f6ren zu unserem Leben und zu unserem Gottesdienst. <br>Brot und Wein &#8211; was bedeuten sie mir heute? <br>&#8222;Der Mensch lebt nicht allein vom Brot.&#8220; <br>Wir m\u00fcssen neue Worte finden f\u00fcr Brot:<br>Das t\u00e4gliche Brot ist f\u00fcr mich wie: <br>t\u00e4gliche Arbeit &#8211; und keine Arbeitslosigkeit<br>t\u00e4gliche R\u00fccksicht &#8211; und keine \u00dcberheblichkeit<br>t\u00e4gliche Treue &#8211; und keine faulen Kompromisse<br>t\u00e4gliche Liebe &#8211; und keine Feindschaft.<br>Ohne Arbeit, R\u00fccksicht, Treue, Liebe<br>schmeckt das t\u00e4gliche Brot bitter<br>gibt es keine Gemeinschaft<br>gibt es kein Gl\u00fcck<br>gibt es keinen Frieden!<br>Wir m\u00fcssen neue Worte finden f\u00fcr Wein:<br>Ein Glas Wein ist f\u00fcr mich wie:<br>eine bew\u00e4hrte Freundschaft &#8211; und kein &#8222;H\u00e4ngenlassen&#8220;<br>ein fr\u00f6hliches Fest &#8211; und keine plumpe Ausgelassenheit<br>ein St\u00fcckchen N\u00e4he- und keine l\u00e4hmende Distanz<br>etwas Verbindlichkeit &#8211; und keine Oberfl\u00e4chlichkeit.<br>Ohne Freundschaft, ohne Fest, ohne N\u00e4he, ohne Verbindlichkeit<br>schmeckt der Wein sauer<br>ist der Alltag langweilig<br>ist man allein<br>geht einfach nichts.<br>Wenn Brot und Wein verwandelt werden, dann lass uns, Herr, neue Worte finden.<br>Verwandle auch uns und hilf uns, dass wir nicht nur neue Worte<br>suchen,<br>kreieren<br>und finden,<br>sondern dann hilf uns,<br>dass diese neuen Worte Gestalt annehmen<br>und Wirklichkeit werden.<br><em>(Peter Boekholt)<\/em><\/p>\n\n\n\n<p><strong>Impuls zur 3. Station: Kreuz und Tod Jesu<\/strong><\/p>\n\n\n\n<figure class=\"wp-block-image size-large is-resized\"><img loading=\"lazy\" decoding=\"async\" width=\"1024\" height=\"768\" src=\"https:\/\/www.kath-kirche-lb.de\/st-elisabeth\/wp-content\/uploads\/sites\/7\/2026\/03\/IMG_4407-1024x768.jpg\" alt=\"\" class=\"wp-image-8795\" style=\"width:667px;height:auto\" srcset=\"https:\/\/www.kath-kirche-lb.de\/st-elisabeth\/wp-content\/uploads\/sites\/7\/2026\/03\/IMG_4407-1024x768.jpg 1024w, https:\/\/www.kath-kirche-lb.de\/st-elisabeth\/wp-content\/uploads\/sites\/7\/2026\/03\/IMG_4407-300x225.jpg 300w, https:\/\/www.kath-kirche-lb.de\/st-elisabeth\/wp-content\/uploads\/sites\/7\/2026\/03\/IMG_4407-768x576.jpg 768w, https:\/\/www.kath-kirche-lb.de\/st-elisabeth\/wp-content\/uploads\/sites\/7\/2026\/03\/IMG_4407-1536x1152.jpg 1536w, https:\/\/www.kath-kirche-lb.de\/st-elisabeth\/wp-content\/uploads\/sites\/7\/2026\/03\/IMG_4407.jpg 2016w\" sizes=\"auto, (max-width: 1024px) 100vw, 1024px\" \/><\/figure>\n\n\n\n<p><a>Dein Kreuz<\/a><\/p>\n\n\n\n<p>Dein Kreuz \u2013 ist vielen Menschen bekannt<br>Dein Kreuz \u2013 ist voller Gegens\u00e4tze<br>Dein Kreuz \u2013 zeigt mir die Grausamkeit der Menschen<br>Dein Kreuz \u2013 zeigt mir die gro\u00dfe Not und die Verwundbarkeit der Menschen<br>Dein Kreuz \u2013 zeigt mir meine Schw\u00e4chen und Endlichkeit<br>Dein Kreuz \u2013 l\u00e4sst mich fragen \u201eWarum?\u201c<br>Dein Kreuz \u2013 bringt mich zum Zweifeln<br>Dein Kreuz \u2013 macht mich oft w\u00fctend und traurig<br>Dein Kreuz \u2013 Mein Kreuz?<br>Dein Kreuz \u2013 l\u00e4sst mich dazwischen h\u00e4ngen zwischen Glauben und Zweifeln<br>Dein Kreuz \u2013 fordert mich heraus, still zu werden<br>Dein Kreuz \u2013 verlangt von mir, es auszuhalten<br>Dein Kreuz \u2013 zwingt mich, genauer hinzusehen<br>Dein Kreuz \u2013 mein Kreuz?<br>Dein Kreuz \u2013 ist mehr als ich sehen und begreifen kann<br>Dein Kreuz \u2013 \u00fcberwindet alle Gegens\u00e4tze<br>Dein Kreuz \u2013 versperrt den Blick und weitet ihn zugleich<br>Dein Kreuz \u2013 ist Hindernis und L\u00f6sung im Leben zugleich<br>Dein Kreuz \u2013 ist schwer und leicht zugleich<br>Dein Kreuz \u2013 ist voller sanfter Energie<br>Dein Kreuz \u2013 l\u00e4sst zaghaft und doch voller Kraft neues Leben wachsen<br>Dein Kreuz \u2013 ist Quelle des Lebens<br>Dein Kreuz \u2013 ist Beziehung, ist Liebe<br>Dein Kreuz \u2013 zeigt mir Menschen, die daraus Kraft sch\u00f6pfen<br>Dein Kreuz \u2013 zeigt mir Menschen, die sich f\u00fcr andere stark machen<br>Dein Kreuz \u2013 zeigt mir Menschen, die daraus Trost spenden<br>Dein Kreuz \u2013 Karfreitag UND Ostern<br>Dein Kreuz \u2013 Mein Kreuz?!&nbsp;<br>(Andreas Greis)<\/p>\n\n\n\n<p><strong>Gebet:<\/strong><br>Gott, du bist immer unter uns<br>Du willst nicht Not und Elend, sondern unbeschwerte Freude.<br>Du leidest mit jedem, der auf der Erde leidet.<br>Du nimmst jeden auf, der dir alle seine Lasten anvertraut,<br>so als w\u00fcrdest du uns \u00fcberall, an jedem Ort,<br>im Haus eines Bruders empfangen.<br>Wer sich von dir aufnehmen l\u00e4sst, erkennt mit seinem inneren Blick,<br>jenseits seiner eigenen Verwirrung,<br>einen Widerschein des verherrlichten Christus, des Auferstandenen.<br>Wenn das Erbarmen Jesu Christi in ihm durchscheint, lebt der Mensch jedes Mal von neuem auf. <br>Fr\u00e8re Roger Sch\u00fctz<\/p>\n\n\n\n<p><a>Ostern \u2013 aber ohne Karfreitag?<\/a><\/p>\n\n\n\n<p>Ich will Leben \u2013 aber ohne Leid, Krankheit, Krieg und Tod<br>Ich will eine heile Welt \u2013 aber ohne Komfort einzub\u00fc\u00dfen<br>Ich will Ostern \u2013 aber ohne Karfreitag<br>Doch der Karfreitag ist da \u2013 das Kreuz steht sperrig im Weg<br>Leid im Kleinen wie im Gro\u00dfen \u2013 \u00fcberall zu sehen<br>Schmerz und Trauer \u2013 sp\u00fcrbar und niederdr\u00fcckend<br>Ich will nur noch wegschauen, weglaufen<br>komme kaum noch weiter<br>Karfreitag zwingt mich zum Anhalten: Stopp -Ende!<br>Wenn ich das Kreuz akzeptiere, sehe ich,<br>wie zaghaft das Licht von Ostern durchschient<br>Ostern braucht das Kreuz, um Durchscheinen zu k\u00f6nnen.<br>Ostern braucht das Kreuz, um sichtbar zu machen,<br>wie kostbar unser Leben ist.<br>Ich brauche diesen Schimmer von Ostern,<br>der das Kreuz durchdringt:<br>Um Kraft zu bekommen, zu glauben,<br>dass Leben hinter dem Kreuz existiert<br>Hier und jetzt \u2013 verstellt durchs Kreuz<br>Dahinter und dann \u2013 im vollen Glanz.<br>(Andreas Greis)<\/p>\n\n\n\n<figure class=\"wp-block-image size-large is-resized\"><img loading=\"lazy\" decoding=\"async\" width=\"1024\" height=\"768\" src=\"https:\/\/www.kath-kirche-lb.de\/st-elisabeth\/wp-content\/uploads\/sites\/7\/2026\/03\/PHOTO-2026-03-25-19-21-58-1024x768.jpg\" alt=\"\" class=\"wp-image-8799\" style=\"width:665px;height:auto\" srcset=\"https:\/\/www.kath-kirche-lb.de\/st-elisabeth\/wp-content\/uploads\/sites\/7\/2026\/03\/PHOTO-2026-03-25-19-21-58-1024x768.jpg 1024w, https:\/\/www.kath-kirche-lb.de\/st-elisabeth\/wp-content\/uploads\/sites\/7\/2026\/03\/PHOTO-2026-03-25-19-21-58-300x225.jpg 300w, https:\/\/www.kath-kirche-lb.de\/st-elisabeth\/wp-content\/uploads\/sites\/7\/2026\/03\/PHOTO-2026-03-25-19-21-58-768x576.jpg 768w, https:\/\/www.kath-kirche-lb.de\/st-elisabeth\/wp-content\/uploads\/sites\/7\/2026\/03\/PHOTO-2026-03-25-19-21-58-1536x1152.jpg 1536w, https:\/\/www.kath-kirche-lb.de\/st-elisabeth\/wp-content\/uploads\/sites\/7\/2026\/03\/PHOTO-2026-03-25-19-21-58.jpg 1600w\" sizes=\"auto, (max-width: 1024px) 100vw, 1024px\" \/><\/figure>\n\n\n\n<p><strong>Impuls zur 4. Station: Ostern, Auferstehung<\/strong><\/p>\n\n\n\n<p>Mir f\u00e4llt ein Stein vom Herzen sagen wir, wenn wir eine gute Nachricht erhalten, <br>etwa einen positiven Befund beim Arzt, wenn sich ein Konflikt in der Familie l\u00f6st oder wenn man die Zusage zum neuen Arbeitsplatz erh\u00e4lt.<br>Mir f\u00e4llt ein Stein vom Herzen, so \u00e4hnlich ging es auch den J\u00fcngern und J\u00fcngerinnen zurzeit Jesu. <br>Zun\u00e4chst hatten sie am Karfreitag ihre Hoffnungen, ja die ganze Sache Jesu f\u00fcr sich begraben. <br>Der Stein der Entt\u00e4uschung und Furcht wog schwer. <br>Bei aller Trauer haben sie dabei nicht mehr mit dem Herzen Gottes gerechnet, das wider alle menschlichen Erfahrungen den Stein des Todes zu bewegen vermag. <br>Doch dann kommt die gute, himmlische Nachricht. Jesus lebt, er ist auferstanden. <br>Und den J\u00fcngern und J\u00fcngerinnen f\u00e4llt ein Stein vom Herzen:<br>Jesus lebt und die Botschaft von Gott, der die Menschen nicht allein l\u00e4sst in Leid und Not, bewegt sie zu neuem Leben.<br>M\u00f6ge auch bei Ihnen der Stein der Traurigkeiten vom Herzen fallen! <strong>Birgitta Aicher<\/strong><br><br><strong>Gebet:<br><\/strong>Guter Gott, mir f\u00e4llt ein Stein vom Herzen. <br>Wie den J\u00fcngern geht es uns in unserem Leben. <br>Wir machen viele Erfahrungen des Karfreitags. Wir begraben oft unsere Hoffnungen. <br>Der Stein der Entt\u00e4uschung liegt schwer auf dem Herzen. <br>Wir rechnen dann oft kaum mehr mit dir, dass du unsere Steine auf dem Herzen wegrollen kannst. <br>Doch damals kam das Unerwartete, Jesus ist auferstanden \u2013 und den J\u00fcngern fiel ein Stein vom Herzen, denn du hast Wort gehalten. <br>Du l\u00e4sst uns nicht alleine im Leid und in der Not. <br>Daf\u00fcr danken wir dir und bitten dich: Lass deine Botschaft und deine Liebe in uns aufleben und bewege uns zum neuen Leben. <br>Lass auch uns immer wieder Steine der Traurigkeit vom Herzen fallen. <br>Darum bitten wir dich durch Jesus Christus, unseren Bruder und Herrn. Amen.<\/p>\n\n\n\n<p><\/p>\n\n\n\n<p>Der Stein vom Grab ist weggerollt. Das Unfassliche ist passiert: da, wo Tod war, Hoffnungslosigkeit, da ist nun Leben, keimt neue Hoffnung. <br>Da, wo das Ende gekommen schien, besiegelt durch den Stein vor dem Grab, da geht die Geschichte weiter &#8211; unerwartet, unverhofft, unbegreiflich.<br>Es ist kaum zu glauben: der Stein ist weg. <br>Gott hat nicht nur den Stein als Zeichen des Todes vom Grab gerollt, Gott hat den Tod \u00fcberrollt, hat den Tod von unserem Leben genommen. <br>Der Tod ist nicht mehr das Letzte. Der Stein des Todes, der schwer und m\u00e4chtig \u00fcber dem Leben lastet, wankt und f\u00e4llt. <br>Gottes Liebe l\u00e4sst sich nicht von den Menschen unter Verschluss noch so m\u00e4chtiger Steine bringen. <br>Auch der Tod kann der Liebe Gottes zu den Menschen kein Ende machen.<br>So wie der Stein vom Grab weggerollt wurde, so will Gott auch in unserem Leben Steine wegrollen. <br>Steine, die uns das Leben schwer machen. <br>Steine, die uns zum Weinen bringen. <br>Steine der Trauer, der Einsamkeit, des Schmerzes und des Leidens.<br>Wir alle schleppen solche Steine mit uns herum, und wir haben das Gef\u00fchl, diese Steine nie loszuwerden. <br>Steine geraten ins Rollen. <br>Gott gibt uns das Versprechen, Steine aus unserem Leben wegzurollen. <br>Ihm d\u00fcrfen wir daher unsere Steine der Trauer und Angst, des Leidens und auch der Schuld abgeben. <br>Hoffnung und Leben keimt auf. Gottes Liebe kann jeden Stein ins Rollen bringen. <br>Und wir brauchen daher auch nicht Anderen Steine vor die F\u00fc\u00dfe zu werfen. <br>Anstatt uns gegenseitig Steine in den Weg zu legen, will Gott uns dazu befreien, einander Steine aus dem Weg zu r\u00e4umen.<\/p>\n\n\n\n<p><strong>Segen:<\/strong><br>Gott beh\u00fcte und segne euch auf euren Wegen.<br>Er sei euch nahe in allem, was geschieht. <br>Er helfe euch durch alles hindurch, was euch bevorsteht. <br>Er trage euch durch Zeit und Ewigkeit.<br>So segne euch der treue und liebende Gott, der Vater, Sohn und Geist. Amen.<\/p>\n\n\n\n<p><strong>Ausblick Emmaus:<\/strong><br>Schwere Schritte<br>Alltagstrott war einmal<br>Alles anders<br>Immer wieder die gleichen Themen<br>Keine L\u00f6sung<\/p>\n\n\n\n<p>Gott kommt<br>Unerkannt<br>Regt zum Nachdenken an<br>Erz\u00e4hlen befreit<br>Frisst nicht mehr auf<\/p>\n\n\n\n<p>Austausch mit Gott<br>Neues Denken wird erm\u00f6glicht<br>Augen gehen auf<br>Herz brennt<\/p>\n\n\n\n<p>Neuanfang<br>Neues aus Gewohntem<br>Alltag beginnt neu<br>Inneres Feuer leitet<\/p>\n\n\n\n<p>Gott ist da<br>Zukunft auch<br>Lass dein inneres Feuer brennen!<\/p>\n\n\n\n<p>(Andreas Greis)<\/p>\n\n\n\n<p><\/p>\n","protected":false},"excerpt":{"rendered":"<p>Station 1: Palmsonntag Schr\u00e4ge Typen sind \u201ein\u201c. Sie fallen auf, sie polarisieren, sie faszinieren die einen und wirken absto\u00dfend auf andere. Wir kennen das aus Castingshows, vielleicht aus dem Schul- und Berufsumfeld, selbst in der Politik gibt es Menschen, die durch ihr Auftreten auffallen. Der ist voll cool, der hat was an der Waffel, die [&hellip;]<\/p>\n","protected":false},"author":17,"featured_media":0,"parent":0,"menu_order":0,"comment_status":"closed","ping_status":"closed","template":"","meta":{"footnotes":""},"class_list":["post-8767","page","type-page","status-publish","hentry"],"_links":{"self":[{"href":"https:\/\/www.kath-kirche-lb.de\/st-elisabeth\/wp-json\/wp\/v2\/pages\/8767","targetHints":{"allow":["GET"]}}],"collection":[{"href":"https:\/\/www.kath-kirche-lb.de\/st-elisabeth\/wp-json\/wp\/v2\/pages"}],"about":[{"href":"https:\/\/www.kath-kirche-lb.de\/st-elisabeth\/wp-json\/wp\/v2\/types\/page"}],"author":[{"embeddable":true,"href":"https:\/\/www.kath-kirche-lb.de\/st-elisabeth\/wp-json\/wp\/v2\/users\/17"}],"replies":[{"embeddable":true,"href":"https:\/\/www.kath-kirche-lb.de\/st-elisabeth\/wp-json\/wp\/v2\/comments?post=8767"}],"version-history":[{"count":6,"href":"https:\/\/www.kath-kirche-lb.de\/st-elisabeth\/wp-json\/wp\/v2\/pages\/8767\/revisions"}],"predecessor-version":[{"id":8801,"href":"https:\/\/www.kath-kirche-lb.de\/st-elisabeth\/wp-json\/wp\/v2\/pages\/8767\/revisions\/8801"}],"wp:attachment":[{"href":"https:\/\/www.kath-kirche-lb.de\/st-elisabeth\/wp-json\/wp\/v2\/media?parent=8767"}],"curies":[{"name":"wp","href":"https:\/\/api.w.org\/{rel}","templated":true}]}}