{"id":6,"date":"2021-10-02T13:05:52","date_gmt":"2021-10-02T11:05:52","guid":{"rendered":"https:\/\/www.kath-kirche-lb.de\/st-thomas-und-johannes\/?page_id=6"},"modified":"2025-03-21T10:09:43","modified_gmt":"2025-03-21T09:09:43","slug":"startseite","status":"publish","type":"page","link":"https:\/\/www.kath-kirche-lb.de\/st-thomas-und-johannes\/","title":{"rendered":"Startseite"},"content":{"rendered":"\n<div class=\"wp-block-columns is-layout-flex wp-container-core-columns-is-layout-9d6595d7 wp-block-columns-is-layout-flex\">\n<div class=\"wp-block-column is-layout-flow wp-block-column-is-layout-flow\">\n<figure class=\"wp-block-image size-full\"><img loading=\"lazy\" decoding=\"async\" width=\"800\" height=\"520\" src=\"https:\/\/www.kath-kirche-lb.de\/st-thomas-und-johannes\/wp-content\/uploads\/sites\/8\/2021\/10\/johann_innen-e1645890418433.jpg\" alt=\"\" class=\"wp-image-29\" srcset=\"https:\/\/www.kath-kirche-lb.de\/st-thomas-und-johannes\/wp-content\/uploads\/sites\/8\/2021\/10\/johann_innen-e1645890418433.jpg 800w, https:\/\/www.kath-kirche-lb.de\/st-thomas-und-johannes\/wp-content\/uploads\/sites\/8\/2021\/10\/johann_innen-e1645890418433-300x195.jpg 300w, https:\/\/www.kath-kirche-lb.de\/st-thomas-und-johannes\/wp-content\/uploads\/sites\/8\/2021\/10\/johann_innen-e1645890418433-768x499.jpg 768w\" sizes=\"auto, (max-width: 800px) 100vw, 800px\" \/><figcaption class=\"wp-element-caption\">St. Johann Ludwigsburg Weststadt<\/figcaption><\/figure>\n<\/div>\n\n\n\n<div class=\"wp-block-column is-layout-flow wp-block-column-is-layout-flow\">\n<figure class=\"wp-block-image size-full\"><img loading=\"lazy\" decoding=\"async\" width=\"800\" height=\"520\" src=\"https:\/\/www.kath-kirche-lb.de\/st-thomas-und-johannes\/wp-content\/uploads\/sites\/8\/2022\/02\/morus_innen.jpg\" alt=\"\" class=\"wp-image-3100\" srcset=\"https:\/\/www.kath-kirche-lb.de\/st-thomas-und-johannes\/wp-content\/uploads\/sites\/8\/2022\/02\/morus_innen.jpg 800w, https:\/\/www.kath-kirche-lb.de\/st-thomas-und-johannes\/wp-content\/uploads\/sites\/8\/2022\/02\/morus_innen-300x195.jpg 300w, https:\/\/www.kath-kirche-lb.de\/st-thomas-und-johannes\/wp-content\/uploads\/sites\/8\/2022\/02\/morus_innen-768x499.jpg 768w\" sizes=\"auto, (max-width: 800px) 100vw, 800px\" \/><figcaption class=\"wp-element-caption\">St. Thomas Morus Eglosheim<\/figcaption><\/figure>\n<\/div>\n<\/div>\n\n\n\n<h2 class=\"wp-block-heading\">St. Thomas und Johannes online<\/h2>\n\n\n\n<p>Herzlich willkommen auf der Homepage der Kirchengemeinde St. Thomas und Johannes Ludwigsburg.<\/p>\n\n\n\n<p>Hier finden Sie aktuelle Informationen zu Veranstaltungen, Gottesdiensten, sonstigen Aktivit\u00e4ten und Terminen. Die Seite weist auch den Weg bei Fragen zur Seelsorge, also zur Taufe, Erstkommunion, Firmung, Beichte, Trauung, Krankensalbung oder einem Trauerfall. M\u00f6chten Sie auch wissen, welche Angebote es f\u00fcr welche Altersgruppe, Musikliebhaber, sozial engagierte oder Kreative gibt? Auch dar\u00fcber informiert diese Homepage. Das Redaktionsteam erreichen Sie per E-Mail: <a href=\"mailto:homepage.stj@kath-kirche-lb.de\" target=\"_blank\" rel=\"noreferrer noopener\">homepage.stj@kath-kirche-lb.de<\/a>.<\/p>\n\n\n\n<div class=\"wp-block-columns is-layout-flex wp-container-core-columns-is-layout-9d6595d7 wp-block-columns-is-layout-flex\">\n<div class=\"wp-block-column is-layout-flow wp-block-column-is-layout-flow\" style=\"flex-basis:100%\"><div class=\"pt-cv-wrapper\"><div class=\"pt-cv-view pt-cv-collapsible\" id=\"pt-cv-view-093b242h50\"><div data-id=\"pt-cv-page-1\" class=\"pt-cv-page\" data-cvc=\"1\"><div class=\"panel-group\" id=\"c119b0384m\"><div class=\"panel panel-default pt-cv-content-item pt-cv-1-col\"  data-pid=\"11240\">\r\n<div class=\"panel-heading pt-cv-title\">\r\n    <a class=\"panel-title\" data-toggle=\"cvcollapse\" data-parent=\"#c119b0384m\" data-target=\"#94c4a9eozq\" href='https:\/\/www.kath-kirche-lb.de\/st-thomas-und-johannes\/2026\/03\/02\/gottesdienste-zu-ostern-fehler-in-der-uebersicht-katholisch-in-ludwigsburg\/' onclick='event.preventDefault()'>\r\n\t\tGottesdienste zu Ostern   &#8211; Fehler in der \u00dcbersicht &#8222;Katholisch in Ludwigsburg&#8220;\t<\/a>\r\n\t<span class=\"pull-right clickable panel-collapsed\"><i class=\"glyphicon glyphicon-plus\"><\/i><\/span><\/div>\r\n<div id=\"94c4a9eozq\" class=\"panel-collapse collapse \">\r\n\t<div class=\"panel-body\">\r\n\t\t<div class=\"pt-cv-content\">\n<p><strong>Beichtgelegenheit<\/strong><br \/>Mittwoch 1.4. 17 Uhr St. Thomas Morus<br \/>Donnerstag 2.4.17 Uhr St. Johann<br \/>Oder nach Vereinbarung<\/p>\n\n\n\n<p><strong>Gottesdienste der Karwoche<\/strong><br \/>Mittwoch der Karwoche, 19 Uhr \u00d6kumenischer Passionsweg durch die Eglosheimer Kirchen<br \/>(Beginn in der Kirche St. Thomas Morus, \u00fcber Vers\u00f6hnungskirche, Abschluss in der Katharinenkirche)<br \/><strong>Gr\u00fcndonnerstag<\/strong><br \/>19 Uhr Feier des letzten Abendmahls in St. Johann<br \/><strong>Karfreitag<\/strong><br \/>10 Uhr Kinderkreuzweg, St. Johann und St. Thomas Morus<br \/>15 Uhr Karfreitag-Liturgie in St. Thomas Morus<br \/><strong>Osternacht<\/strong><br \/>21 Uhr Festgottesdienst mit Osterschmaus in St. Johann<br \/><strong>Ostersonntag<\/strong><br \/>8:30 Uhr \u00d6kumenische Auferstehungsfeier auf dem Friedhof Pflugfelden<br \/>10 Uhr Festgottesdienst in St. Thomas Morus mit musikalischer Gestaltung des Kirchenchores.<br \/><strong>Ostermontag<\/strong><br \/>8.45 Uhr Emmausgang von St. Thomas Morus nach St. Johann. Anschlie\u00dfend St\u00e4rkung im Gemeindesaal.<br \/>11.00 Uhr Festgottesdienst mit der Italienischen Gemeinde in St. Johann<\/p>\n<\/div>\t<\/div>\r\n<\/div><\/div><\/div><\/div><\/div><\/div>\t\t\t<style type=\"text\/css\" id=\"pt-cv-inline-style-7a5ad42b8c\">#pt-cv-view-093b242h50 .pt-cv-title a, #pt-cv-view-093b242h50  .panel-title { color: #091944 !important; background-color: #2395e0 !important; font-weight: 600 !important; }\n#pt-cv-view-093b242h50 .pt-cv-carousel-caption  { background-color: rgba(51,51,51,.6) !important; }\n#pt-cv-view-093b242h50 .pt-cv-specialp { background-color: #CC3333 !important }\n#pt-cv-view-093b242h50 .pt-cv-specialp * { color: #fff !important; }\n#pt-cv-view-093b242h50 .pt-cv-pficon  { color: #bbb !important; }\n#pt-cv-view-093b242h50 .pt-cv-readmore  { color: #ffffff !important; background-color: #00aeef !important; }\n#pt-cv-view-093b242h50 .pt-cv-readmore:hover  { color: #ffffff !important; background-color: #00aeef !important; }\n#pt-cv-view-093b242h50  + .pt-cv-pagination-wrapper .pt-cv-more , #pt-cv-view-093b242h50  + .pt-cv-pagination-wrapper .pagination .active a { color: #ffffff !important; background-color: #00aeef !important; }<\/style>\r\n\t\t\t\n<\/div>\n<\/div>\n\n\n\n<div class=\"wp-block-group\"><div class=\"wp-block-group__inner-container is-layout-flow wp-block-group-is-layout-flow\"><div class=\"pt-cv-wrapper\"><div class=\"pt-cv-view pt-cv-grid pt-cv-colsys pt-cv-alternate-right\" id=\"pt-cv-view-e12076cyqs\"><div data-id=\"pt-cv-page-1\" class=\"pt-cv-page\" data-cvc=\"1\"><div class=\"col-md-12 col-sm-12 col-xs-12 pt-cv-content-item pt-cv-2-col\"  data-pid=\"10064\"><div class='pt-cv-ifield'><a href=\"https:\/\/www.kath-kirche-lb.de\/st-thomas-und-johannes\/2026\/03\/09\/kirchen-kalendarisches-im-maerz-4\/\" class=\"_self pt-cv-href-thumbnail pt-cv-thumb-left cvplbd\" target=\"_self\" ><img loading=\"lazy\" decoding=\"async\" width=\"256\" height=\"300\" src=\"https:\/\/www.kath-kirche-lb.de\/st-thomas-und-johannes\/wp-content\/uploads\/sites\/8\/2025\/03\/Kirchenkalendarisches_2025_03-256x300.jpg\" class=\"pt-cv-thumbnail img-none pull-left\" alt=\"Kirchen-Kalendarisches im M\u00e4rz\" srcset=\"https:\/\/www.kath-kirche-lb.de\/st-thomas-und-johannes\/wp-content\/uploads\/sites\/8\/2025\/03\/Kirchenkalendarisches_2025_03-256x300.jpg 256w, https:\/\/www.kath-kirche-lb.de\/st-thomas-und-johannes\/wp-content\/uploads\/sites\/8\/2025\/03\/Kirchenkalendarisches_2025_03-874x1024.jpg 874w, https:\/\/www.kath-kirche-lb.de\/st-thomas-und-johannes\/wp-content\/uploads\/sites\/8\/2025\/03\/Kirchenkalendarisches_2025_03-768x900.jpg 768w, https:\/\/www.kath-kirche-lb.de\/st-thomas-und-johannes\/wp-content\/uploads\/sites\/8\/2025\/03\/Kirchenkalendarisches_2025_03-1311x1536.jpg 1311w, https:\/\/www.kath-kirche-lb.de\/st-thomas-und-johannes\/wp-content\/uploads\/sites\/8\/2025\/03\/Kirchenkalendarisches_2025_03-1747x2048.jpg 1747w\" sizes=\"auto, (max-width: 256px) 100vw, 256px\" \/><\/a>\n<div class=\"pt-cv-colwrap\"><h4 class=\"pt-cv-title\"><a href=\"https:\/\/www.kath-kirche-lb.de\/st-thomas-und-johannes\/2026\/03\/09\/kirchen-kalendarisches-im-maerz-4\/\" class=\"_self cvplbd\" target=\"_self\" >Kirchen-Kalendarisches im M\u00e4rz<\/a><\/h4><div class=\"pt-cv-content\"><p><em><u>Dem hl. Joseph, Patron der Kirche, geweiht<\/u><\/em><\/p> <p><strong>1. M\u00e4rz<\/strong><\/p> <p><strong><u>Albinus (6. Jh.)<\/u><\/strong><\/p> <p>Schon zu seinen Lebzeiten geschahen auf seine F\u00fcrbitte Wunder. So soll er ein totes Kind wiedererweckt haben.<\/p> <p><strong>Patron <\/strong>der kranken Kinder, bei Blindheit und Keuchhusten<\/p> <p><em>Bauernregel: \u201eIst Albinus Regentag, der Bauer sich nicht freuen mag.\u201c<\/em><\/p> <p><strong><u>David von Menevia (6.\/7. Jh.)<\/u><\/strong><\/p> <p>Einsiedler in den Bergen von Wales<\/p> <p><strong>Patron<\/strong> von ... <a href=\"https:\/\/www.kath-kirche-lb.de\/st-thomas-und-johannes\/2026\/03\/09\/kirchen-kalendarisches-im-maerz-4\/\" class=\"_self pt-cv-readmore pt-cv-textlink cvplbd\" target=\"_self\">Weiterlesen<\/a><\/p><\/div><\/div><\/div><\/div><\/div><\/div><\/div>\t\t\t<style type=\"text\/css\" id=\"pt-cv-inline-style-3574507q1x\">#pt-cv-view-e12076cyqs .pt-cv-title a, #pt-cv-view-e12076cyqs  .panel-title { font-weight: 600 !important; }\n#pt-cv-view-e12076cyqs .pt-cv-carousel-caption  { background-color: rgba(51,51,51,.6) !important; }\n#pt-cv-view-e12076cyqs .pt-cv-specialp { background-color: #CC3333 !important }\n#pt-cv-view-e12076cyqs .pt-cv-specialp * { color: #fff !important; }\n#pt-cv-view-e12076cyqs .pt-cv-pficon  { color: #bbb !important; }\n#pt-cv-view-e12076cyqs .pt-cv-readmore:hover  { color: #ffffff !important; background-color: #00aeef !important; }\n#pt-cv-view-e12076cyqs  + .pt-cv-pagination-wrapper .pt-cv-more , #pt-cv-view-e12076cyqs  + .pt-cv-pagination-wrapper .pagination .active a { color: #ffffff !important; background-color: #00aeef !important; }<\/style>\r\n\t\t\t\n<\/div><\/div>\n\n\n\n<hr class=\"wp-block-separator has-css-opacity\" \/>\n\n\n<div class=\"pt-cv-wrapper\"><div class=\"pt-cv-view pt-cv-timeline pt-cv-pgloadmore\" id=\"pt-cv-view-e54d2002ic\"><div class=\"tl-spine\"><a href=\"#\"><\/a><\/div>\n<div class=\"tl-items\">\n<div class=\"tl-item pt-left\"><div class=\"tl-item-content\"><i class=\"tl-pointer\"><\/i><div class=\" pt-cv-content-item pt-cv-1-col\"  data-pid=\"4091\"><a href=\"https:\/\/www.kath-kirche-lb.de\/st-thomas-und-johannes\/2026\/03\/17\/taizegebet-eglosheim\/\" class=\"_self pt-cv-href-thumbnail pt-cv-thumb-default cvplbd\" target=\"_self\" ><img loading=\"lazy\" decoding=\"async\" width=\"208\" height=\"300\" src=\"https:\/\/www.kath-kirche-lb.de\/st-thomas-und-johannes\/wp-content\/uploads\/sites\/8\/2022\/10\/Taize-Flyer-Otober-22-208x300.png\" class=\"pt-cv-thumbnail img-none\" alt=\"Taiz\u00e9gebet Eglosheim und Pflugfelden\" srcset=\"https:\/\/www.kath-kirche-lb.de\/st-thomas-und-johannes\/wp-content\/uploads\/sites\/8\/2022\/10\/Taize-Flyer-Otober-22-208x300.png 208w, https:\/\/www.kath-kirche-lb.de\/st-thomas-und-johannes\/wp-content\/uploads\/sites\/8\/2022\/10\/Taize-Flyer-Otober-22-709x1024.png 709w, https:\/\/www.kath-kirche-lb.de\/st-thomas-und-johannes\/wp-content\/uploads\/sites\/8\/2022\/10\/Taize-Flyer-Otober-22-768x1110.png 768w, https:\/\/www.kath-kirche-lb.de\/st-thomas-und-johannes\/wp-content\/uploads\/sites\/8\/2022\/10\/Taize-Flyer-Otober-22-1063x1536.png 1063w, https:\/\/www.kath-kirche-lb.de\/st-thomas-und-johannes\/wp-content\/uploads\/sites\/8\/2022\/10\/Taize-Flyer-Otober-22-1418x2048.png 1418w, https:\/\/www.kath-kirche-lb.de\/st-thomas-und-johannes\/wp-content\/uploads\/sites\/8\/2022\/10\/Taize-Flyer-Otober-22.png 1500w\" sizes=\"auto, (max-width: 208px) 100vw, 208px\" \/><\/a>\n<h4 class=\"pt-cv-title\"><a href=\"https:\/\/www.kath-kirche-lb.de\/st-thomas-und-johannes\/2026\/03\/17\/taizegebet-eglosheim\/\" class=\"_self cvplbd\" target=\"_self\" >Taiz\u00e9gebet Eglosheim und Pflugfelden<\/a><\/h4>\n<div class=\"pt-cv-content\">Termine 2026 April<br \/>Freitag, der 24.04.2026 ab 19:00 Uhr<br \/>(Vers\u00f6hnungskirche, Ludwigsburg-Eglosheim) Juli<br \/>Freitag, der 03.07.2026 ab 19:00 Uhr<br \/>(Katharinenkirche Ludwigsburg, Ludwigsburg-Eglosheim) September<br \/>Freitag, der 18.09.2026 ab 19:00 Uhr<br \/>(Katholische Kirche St. Thomas Morus, Ludwigsburg-Eglosheim) November<br \/>Freitag, der 20.11.2026 ab 19:00 Uhr<br \/>(Ulrichskirche, Ludwigsburg-Pflugfelden) Alle Infos zu den Taizegebeten in Ludwigsburg finden Sie unter <a href=\"http:\/\/www.Taize-Ludwigsburg.de\">www.Taize-Ludwigsburg.de<\/a> ... <a href=\"https:\/\/www.kath-kirche-lb.de\/st-thomas-und-johannes\/2026\/03\/17\/taizegebet-eglosheim\/\" class=\"_self pt-cv-readmore pt-cv-textlink cvplbd\" target=\"_self\">Weiterlesen<\/a><\/div><\/div><\/div><\/div>\n<div class=\"tl-item pt-right\"><div class=\"tl-item-content\"><i class=\"tl-pointer\"><\/i><div class=\" pt-cv-content-item pt-cv-1-col\"  data-pid=\"11179\"><a href=\"https:\/\/www.kath-kirche-lb.de\/st-thomas-und-johannes\/2026\/01\/23\/weltgebetstag-der-frauen\/\" class=\"_self pt-cv-href-thumbnail pt-cv-thumb-default cvplbd\" target=\"_self\" ><img decoding=\"async\" width=\"300\" src=\"https:\/\/www.kath-kirche-lb.de\/st-thomas-und-johannes\/wp-content\/uploads\/sites\/8\/2026\/01\/2026_WGT_Banner_Nigeria-1-1024x301.jpg\" class=\"pt-cv-thumbnail img-none cvp-substitute\" alt=\"Weltgebetstag der Frauen\" title=\"\" \/><\/a>\n<h4 class=\"pt-cv-title\"><a href=\"https:\/\/www.kath-kirche-lb.de\/st-thomas-und-johannes\/2026\/01\/23\/weltgebetstag-der-frauen\/\" class=\"_self cvplbd\" target=\"_self\" >Weltgebetstag der Frauen<\/a><\/h4>\n<div class=\"pt-cv-content\"><strong>Weltgebetstag 2026 aus Nigeria, am Freitag, den 6. M\u00e4rz<\/strong> \u201e<strong>Kommt! Bringt eure Last.\u201c<\/strong> Nigeria ist das bev\u00f6lkerungsreichste Land Afrikas \u2013 vielf\u00e4ltig und voller Kontraste. Mit \u00fcber 230 Millionen Menschen vereint der \u201eafrikanische Riese\u201c \u00fcber 250 Ethnien mit mehr als 500 gesprochenen Sprachen, aufgeteilt in den muslimisch gepr\u00e4gten Norden und den ... <a href=\"https:\/\/www.kath-kirche-lb.de\/st-thomas-und-johannes\/2026\/01\/23\/weltgebetstag-der-frauen\/\" class=\"_self pt-cv-readmore pt-cv-textlink cvplbd\" target=\"_self\">Weiterlesen<\/a><\/div><\/div><\/div><\/div>\n<div class=\"tl-item pt-left\"><div class=\"tl-item-content\"><i class=\"tl-pointer\"><\/i><div class=\" pt-cv-content-item pt-cv-1-col\"  data-pid=\"3912\"><a href=\"https:\/\/www.kath-kirche-lb.de\/st-thomas-und-johannes\/2026\/01\/22\/sternsingen-2026\/\" class=\"_self pt-cv-href-thumbnail pt-cv-thumb-default cvplbd\" target=\"_self\" ><img loading=\"lazy\" decoding=\"async\" width=\"300\" height=\"218\" src=\"https:\/\/www.kath-kirche-lb.de\/st-thomas-und-johannes\/wp-content\/uploads\/sites\/8\/2022\/05\/Sternsinger2026-300x218.jpg\" class=\"pt-cv-thumbnail img-none\" alt=\"Sternsingen 2026\" srcset=\"https:\/\/www.kath-kirche-lb.de\/st-thomas-und-johannes\/wp-content\/uploads\/sites\/8\/2022\/05\/Sternsinger2026-300x218.jpg 300w, https:\/\/www.kath-kirche-lb.de\/st-thomas-und-johannes\/wp-content\/uploads\/sites\/8\/2022\/05\/Sternsinger2026.jpg 355w\" sizes=\"auto, (max-width: 300px) 100vw, 300px\" \/><\/a>\n<h4 class=\"pt-cv-title\"><a href=\"https:\/\/www.kath-kirche-lb.de\/st-thomas-und-johannes\/2026\/01\/22\/sternsingen-2026\/\" class=\"_self cvplbd\" target=\"_self\" >Sternsingen 2026<\/a><\/h4>\n<div class=\"pt-cv-content\">Geleitet vom Stern \u00fcber Bethlehem bringen wir den Segen und schreiben C + M + B an die T\u00fcren, diesmal umrahmt von 2026. Wie jedes Jahr machten sich in der Gemeinde St. Thomas und Johannes diesmal 38 t\u00fcchtige Sternsinger auf den Weg, um in vier Tagen den Segen Gottes zu ... <a href=\"https:\/\/www.kath-kirche-lb.de\/st-thomas-und-johannes\/2026\/01\/22\/sternsingen-2026\/\" class=\"_self pt-cv-readmore pt-cv-textlink cvplbd\" target=\"_self\">Weiterlesen<\/a><\/div><\/div><\/div><\/div>\n<div class=\"tl-item pt-right\"><div class=\"tl-item-content\"><i class=\"tl-pointer\"><\/i><div class=\" pt-cv-content-item pt-cv-1-col\"  data-pid=\"11093\"><a href=\"https:\/\/www.kath-kirche-lb.de\/st-thomas-und-johannes\/2026\/01\/22\/magic-moon-eine-musikalisch-literarische-reise-zum-mond-2\/\" class=\"_self pt-cv-href-thumbnail pt-cv-thumb-default cvplbd\" target=\"_self\" ><img loading=\"lazy\" decoding=\"async\" width=\"265\" height=\"300\" src=\"https:\/\/www.kath-kirche-lb.de\/st-thomas-und-johannes\/wp-content\/uploads\/sites\/8\/2026\/01\/Konzert-Magic-Moon-265x300.jpg\" class=\"pt-cv-thumbnail img-none\" alt=\"&quot;Magic Moon&quot;\" srcset=\"https:\/\/www.kath-kirche-lb.de\/st-thomas-und-johannes\/wp-content\/uploads\/sites\/8\/2026\/01\/Konzert-Magic-Moon-265x300.jpg 265w, https:\/\/www.kath-kirche-lb.de\/st-thomas-und-johannes\/wp-content\/uploads\/sites\/8\/2026\/01\/Konzert-Magic-Moon-905x1024.jpg 905w, https:\/\/www.kath-kirche-lb.de\/st-thomas-und-johannes\/wp-content\/uploads\/sites\/8\/2026\/01\/Konzert-Magic-Moon-768x869.jpg 768w, https:\/\/www.kath-kirche-lb.de\/st-thomas-und-johannes\/wp-content\/uploads\/sites\/8\/2026\/01\/Konzert-Magic-Moon.jpg 1030w\" sizes=\"auto, (max-width: 265px) 100vw, 265px\" \/><\/a>\n<h4 class=\"pt-cv-title\"><a href=\"https:\/\/www.kath-kirche-lb.de\/st-thomas-und-johannes\/2026\/01\/22\/magic-moon-eine-musikalisch-literarische-reise-zum-mond-2\/\" class=\"_self cvplbd\" target=\"_self\" >&#8222;Magic Moon&#8220;<\/a><\/h4>\n<div class=\"pt-cv-content\">- Eine musikalisch-literarische Reise zum Mond In der Musik und der Literatur gibt es unz\u00e4hlige Geschichten, M\u00e4rchen, Riten und kulturell unterschiedliche Br\u00e4uche aus allen Epochen, die sich auf den Mond beziehen. Er ist unser st\u00e4ndiger n\u00e4chtlicher Begleiter, der uns bei unseren Tr\u00e4umen begleitet und viele K\u00fcnstler inspiriert hat. Von der ... <a href=\"https:\/\/www.kath-kirche-lb.de\/st-thomas-und-johannes\/2026\/01\/22\/magic-moon-eine-musikalisch-literarische-reise-zum-mond-2\/\" class=\"_self pt-cv-readmore pt-cv-textlink cvplbd\" target=\"_self\">Weiterlesen<\/a><\/div><\/div><\/div><\/div>\n<div class=\"tl-item pt-left\"><div class=\"tl-item-content\"><i class=\"tl-pointer\"><\/i><div class=\" pt-cv-content-item pt-cv-1-col\"  data-pid=\"10739\"><a href=\"https:\/\/www.kath-kirche-lb.de\/st-thomas-und-johannes\/2025\/11\/05\/freddy-datenfresser\/\" class=\"_self pt-cv-href-thumbnail pt-cv-thumb-default cvplbd\" target=\"_self\" ><img loading=\"lazy\" decoding=\"async\" width=\"300\" height=\"300\" src=\"https:\/\/www.kath-kirche-lb.de\/st-thomas-und-johannes\/wp-content\/uploads\/sites\/8\/2025\/08\/Handys-als-Kollekte-300x300.jpg\" class=\"pt-cv-thumbnail img-none\" alt=\"Freddy Datenfresser Aktion beendet\" srcset=\"https:\/\/www.kath-kirche-lb.de\/st-thomas-und-johannes\/wp-content\/uploads\/sites\/8\/2025\/08\/Handys-als-Kollekte-300x300.jpg 300w, https:\/\/www.kath-kirche-lb.de\/st-thomas-und-johannes\/wp-content\/uploads\/sites\/8\/2025\/08\/Handys-als-Kollekte-150x150.jpg 150w, https:\/\/www.kath-kirche-lb.de\/st-thomas-und-johannes\/wp-content\/uploads\/sites\/8\/2025\/08\/Handys-als-Kollekte-768x768.jpg 768w, https:\/\/www.kath-kirche-lb.de\/st-thomas-und-johannes\/wp-content\/uploads\/sites\/8\/2025\/08\/Handys-als-Kollekte-500x500.jpg 500w, https:\/\/www.kath-kirche-lb.de\/st-thomas-und-johannes\/wp-content\/uploads\/sites\/8\/2025\/08\/Handys-als-Kollekte.jpg 1000w\" sizes=\"auto, (max-width: 300px) 100vw, 300px\" \/><\/a>\n<h4 class=\"pt-cv-title\"><a href=\"https:\/\/www.kath-kirche-lb.de\/st-thomas-und-johannes\/2025\/11\/05\/freddy-datenfresser\/\" class=\"_self cvplbd\" target=\"_self\" >Freddy Datenfresser Aktion beendet<\/a><\/h4>\n<div class=\"pt-cv-content\"><strong>Handys als Kollekte - gemeinsam f\u00fcr Umwelt und Gerechtigkeit!<br \/><\/strong>In deutschen Schubladen schlummern Millionen alter Handys und Tablets \u2013 voller wertvoller Rohstoffe wie Gold, Kupfer und seltene Erden. Ihre Gewinnung belastet Mensch und Umwelt. Mit der Aktion \u201eHandys als Kollekte\u201c sammeln wir diese Ger\u00e4te, sch\u00fctzen so die Umwelt und unterst\u00fctzen soziale ... <a href=\"https:\/\/www.kath-kirche-lb.de\/st-thomas-und-johannes\/2025\/11\/05\/freddy-datenfresser\/\" class=\"_self pt-cv-readmore pt-cv-textlink cvplbd\" target=\"_self\">Weiterlesen<\/a><\/div><\/div><\/div><\/div>\n<\/div><\/div>\n<div class=\"text-left pt-cv-pagination-wrapper\"><a href='https:\/\/www.kath-kirche-lb.de\/st-thomas-und-johannes\/wp-json\/wp\/v2\/pages\/6\/?_page=2' onclick='event.preventDefault()' class=\"pt-cv-more btn btn-primary btn-sm\" data-totalpages=\"3\" data-nextpages=\"2\" data-sid=\"e54d2002ic\" data-unid=\"\">More <span class=\"caret\"><\/span><\/a><img loading=\"lazy\" decoding=\"async\" width=\"15\" height=\"15\" class=\"pt-cv-spinner\" alt=\"Wird geladen\u00a0\u2026\" src=\"data:image\/gif;base64,R0lGODlhDwAPALMPAMrKygwMDJOTkz09PZWVla+vr3p6euTk5M7OzuXl5TMzMwAAAJmZmWZmZszMzP\/\/\/yH\/C05FVFNDQVBFMi4wAwEAAAAh+QQFCgAPACwAAAAADwAPAAAEQvDJaZaZOIcV8iQK8VRX4iTYoAwZ4iCYoAjZ4RxejhVNoT+mRGP4cyF4Pp0N98sBGIBMEMOotl6YZ3S61Bmbkm4mAgAh+QQFCgAPACwAAAAADQANAAAENPDJSRSZeA418itN8QiK8BiLITVsFiyBBIoYqnoewAD4xPw9iY4XLGYSjkQR4UAUD45DLwIAIfkEBQoADwAsAAAAAA8ACQAABC\/wyVlamTi3nSdgwFNdhEJgTJoNyoB9ISYoQmdjiZPcj7EYCAeCF1gEDo4Dz2eIAAAh+QQFCgAPACwCAAAADQANAAAEM\/DJBxiYeLKdX3IJZT1FU0iIg2RNKx3OkZVnZ98ToRD4MyiDnkAh6BkNC0MvsAj0kMpHBAAh+QQFCgAPACwGAAAACQAPAAAEMDC59KpFDll73HkAA2wVY5KgiK5b0RRoI6MuzG6EQqCDMlSGheEhUAgqgUUAFRySIgAh+QQFCgAPACwCAAIADQANAAAEM\/DJKZNLND\/kkKaHc3xk+QAMYDKsiaqmZCxGVjSFFCxB1vwy2oOgIDxuucxAMTAJFAJNBAAh+QQFCgAPACwAAAYADwAJAAAEMNAs86q1yaWwwv2Ig0jUZx3OYa4XoRAfwADXoAwfo1+CIjyFRuEho60aSNYlOPxEAAAh+QQFCgAPACwAAAIADQANAAAENPA9s4y8+IUVcqaWJ4qEQozSoAzoIyhCK2NFU2SJk0hNnyEOhKR2AzAAj4Pj4GE4W0bkJQIAOw==\" \/><div class=\"clear pt-cv-clear-pagination\"><\/div><\/div><\/div>\t\t\t<style type=\"text\/css\" id=\"pt-cv-inline-style-42305e9wxb\">#pt-cv-view-e54d2002ic .pt-cv-title a, #pt-cv-view-e54d2002ic  .panel-title { font-weight: 600 !important; }\n#pt-cv-view-e54d2002ic .pt-cv-carousel-caption  { background-color: rgba(51,51,51,.6) !important; }\n#pt-cv-view-e54d2002ic .pt-cv-specialp { background-color: #CC3333 !important }\n#pt-cv-view-e54d2002ic .pt-cv-specialp * { color: #fff !important; }\n#pt-cv-view-e54d2002ic .pt-cv-pficon  { color: #bbb !important; }\n#pt-cv-view-e54d2002ic .pt-cv-readmore:hover  { color: #ffffff !important; background-color: #00aeef !important; }\n#pt-cv-view-e54d2002ic  + .pt-cv-pagination-wrapper .pt-cv-more , #pt-cv-view-e54d2002ic  + .pt-cv-pagination-wrapper .pagination .active a { color: #ffffff !important; background-color: #00aeef !important; }<\/style>\r\n\t\t\t\n","protected":false},"excerpt":{"rendered":"<p>St. Thomas und Johannes online Herzlich willkommen auf der Homepage der Kirchengemeinde St. Thomas und Johannes Ludwigsburg. Hier finden Sie aktuelle Informationen zu Veranstaltungen, Gottesdiensten, sonstigen Aktivit\u00e4ten und Terminen. Die Seite weist auch den Weg bei Fragen zur Seelsorge, also zur Taufe, Erstkommunion, Firmung, Beichte, Trauung, Krankensalbung oder einem Trauerfall. M\u00f6chten Sie auch wissen, welche [&hellip;]<\/p>\n","protected":false},"author":25,"featured_media":0,"parent":0,"menu_order":0,"comment_status":"closed","ping_status":"closed","template":"","meta":{"footnotes":""},"class_list":["post-6","page","type-page","status-publish","hentry"],"_links":{"self":[{"href":"https:\/\/www.kath-kirche-lb.de\/st-thomas-und-johannes\/wp-json\/wp\/v2\/pages\/6","targetHints":{"allow":["GET"]}}],"collection":[{"href":"https:\/\/www.kath-kirche-lb.de\/st-thomas-und-johannes\/wp-json\/wp\/v2\/pages"}],"about":[{"href":"https:\/\/www.kath-kirche-lb.de\/st-thomas-und-johannes\/wp-json\/wp\/v2\/types\/page"}],"author":[{"embeddable":true,"href":"https:\/\/www.kath-kirche-lb.de\/st-thomas-und-johannes\/wp-json\/wp\/v2\/users\/25"}],"replies":[{"embeddable":true,"href":"https:\/\/www.kath-kirche-lb.de\/st-thomas-und-johannes\/wp-json\/wp\/v2\/comments?post=6"}],"version-history":[{"count":60,"href":"https:\/\/www.kath-kirche-lb.de\/st-thomas-und-johannes\/wp-json\/wp\/v2\/pages\/6\/revisions"}],"predecessor-version":[{"id":10150,"href":"https:\/\/www.kath-kirche-lb.de\/st-thomas-und-johannes\/wp-json\/wp\/v2\/pages\/6\/revisions\/10150"}],"wp:attachment":[{"href":"https:\/\/www.kath-kirche-lb.de\/st-thomas-und-johannes\/wp-json\/wp\/v2\/media?parent=6"}],"curies":[{"name":"wp","href":"https:\/\/api.w.org\/{rel}","templated":true}]}}