{"id":72,"date":"2021-10-02T13:54:34","date_gmt":"2021-10-02T11:54:34","guid":{"rendered":"https:\/\/www.kath-kirche-lb.de\/st-thomas-und-johannes\/?page_id=72"},"modified":"2022-03-24T16:00:29","modified_gmt":"2022-03-24T15:00:29","slug":"st-johann-baptist","status":"publish","type":"page","link":"https:\/\/www.kath-kirche-lb.de\/st-thomas-und-johannes\/unsere-kirchen\/st-johann-baptist\/","title":{"rendered":"St. Johann Baptist"},"content":{"rendered":"\n<div class=\"wp-block-media-text alignwide is-stacked-on-mobile\" style=\"grid-template-columns:27% auto\"><figure class=\"wp-block-media-text__media\"><img loading=\"lazy\" decoding=\"async\" width=\"418\" height=\"800\" src=\"https:\/\/www.kath-kirche-lb.de\/st-thomas-und-johannes\/wp-content\/uploads\/sites\/8\/2021\/10\/johann_aussen.jpg\" alt=\"\" class=\"wp-image-28 size-full\" srcset=\"https:\/\/www.kath-kirche-lb.de\/st-thomas-und-johannes\/wp-content\/uploads\/sites\/8\/2021\/10\/johann_aussen.jpg 418w, https:\/\/www.kath-kirche-lb.de\/st-thomas-und-johannes\/wp-content\/uploads\/sites\/8\/2021\/10\/johann_aussen-157x300.jpg 157w\" sizes=\"auto, (max-width: 418px) 100vw, 418px\" \/><\/figure><div class=\"wp-block-media-text__content\">\n<p>Die katholische Kirche St. Johann Baptist ist Johan\u00adnes dem T\u00e4ufer geweiht. Dieser Name wurde gew\u00e4hlt zur Erin\u00adnerung an die erste, bereits 1240 erw\u00e4hnte katholische Gemeinde zu Geisnang in dieser Gegend, deren Kirche St. Johann im Dreissigj\u00e4hrigen Krieg zerst\u00f6rt wurde. Dieser Ort befand sich im heutigen Bereich Robert-Koch-, Geisnang- und Neckarstra\u00dfe. Durch den Zuzug von vielen ka\u00adtholischen Heimatvertriebenen wuchs die bisher einzige katho\u00adlische Gemeinde Ludwigsburgs so stark an, dass hier in der West\u00adstadt 1957 mit dem Bau einer Kirche begonnen wurde.<\/p>\n\n\n\n<p>Die Einweihung unserer Kirche erfolgte dann am 24. und 25. Oktober 1959 durch Bischof Dr. Carl Josef Leiprecht. Seit 1. Oktober 1960 ist St. Johann eine eigenst\u00e4ndige Pfarrei.<\/p>\n\n\n\n<p>Die Planung der Kirche \u00fcbernahm Oberbaurat Otto, die Bauleitung hatte Regierungsoberbauamtmann Otto Rothacker und den Bau f\u00fchrte die Firma Heilmann &amp; Littmann aus.<\/p>\n\n\n\n<p>Die Kirche l\u00e4uft in ihrer Form konisch vom Eingang nach vorne auf den Altarraum zu. Sie ist im Eingangsbereich 32 Meter breit und im Altarraum 15 Meter. Die Kirche ist 37 Meter lang, hat eine Giebelh\u00f6he von 16,5 Meter und eine innere H\u00f6he von 15,5 Meter.<\/p>\n\n\n\n<p>Der freistehende Kirchturm wurde erst 1967\/68 erbaut, ist 38 Meter hoch und tr\u00e4gt f\u00fcnf Glocken.<\/p>\n\n\n\n<p>1975 wurde an der Nordseite eine Werktagskapelle angebaut, die durch Fenster den direkten Blick auf den Altar gew\u00e4hrt. 2008 wurde sie grundlegend umgestaltet.<\/p>\n<\/div><\/div>\n\n\n\n<div class=\"wp-block-media-text alignwide has-media-on-the-right is-stacked-on-mobile\" style=\"grid-template-columns:auto 44%\"><figure class=\"wp-block-media-text__media\"><img loading=\"lazy\" decoding=\"async\" width=\"762\" height=\"1024\" src=\"https:\/\/www.kath-kirche-lb.de\/st-thomas-und-johannes\/wp-content\/uploads\/sites\/8\/2022\/03\/johann_innen_orgel_kapelle-762x1024.jpg\" alt=\"\" class=\"wp-image-3333 size-full\" srcset=\"https:\/\/www.kath-kirche-lb.de\/st-thomas-und-johannes\/wp-content\/uploads\/sites\/8\/2022\/03\/johann_innen_orgel_kapelle-762x1024.jpg 762w, https:\/\/www.kath-kirche-lb.de\/st-thomas-und-johannes\/wp-content\/uploads\/sites\/8\/2022\/03\/johann_innen_orgel_kapelle-223x300.jpg 223w, https:\/\/www.kath-kirche-lb.de\/st-thomas-und-johannes\/wp-content\/uploads\/sites\/8\/2022\/03\/johann_innen_orgel_kapelle-768x1032.jpg 768w, https:\/\/www.kath-kirche-lb.de\/st-thomas-und-johannes\/wp-content\/uploads\/sites\/8\/2022\/03\/johann_innen_orgel_kapelle.jpg 800w\" sizes=\"auto, (max-width: 762px) 100vw, 762px\" \/><\/figure><div class=\"wp-block-media-text__content\">\n<h2 class=\"wp-block-heading\"><strong>Der Innenraum<\/strong> <\/h2>\n\n\n\n<p style=\"font-size:16px\">Der Kirchenraum war urspr\u00fcnglich f\u00fcr 1400 Personen konzipiert, davon 700 Sitzpl\u00e4tze und 600 Stehpl\u00e4tze. Auf der Empore sind weitere Besucherpl\u00e4tze und Raum f\u00fcr etwa 120 Chormitglieder. Die Orgel wurde im Dezember 1970 nach einem Entwurf von Dr. Hans B\u00f6hringer aus Stuttgart von dem Ludwigsburger Orgelbauer Walcker gefertigt.<br>Im Herbst 2017 wurde die Orgel vollst\u00e4ndig abgebaut, die Pfeifen gereinigt, die Elektronik und Mechanik gr\u00f6\u00dftenteils ausgetauscht. Einige der urspr\u00fcnglich 27 Register wurden ebenfalls getauscht bzw. erweitert.<\/p>\n\n\n\n<p>Die neue Disposition f\u00fchrt das neobarocke Erbe der Walcker-Orgel von 1970 fort und entwickelt die Klangpalette behutsam weiter in die Epoche der Romantik.<\/p>\n<\/div><\/div>\n\n\n\n<div class=\"wp-block-media-text alignwide is-stacked-on-mobile\"><figure class=\"wp-block-media-text__media\"><img loading=\"lazy\" decoding=\"async\" width=\"824\" height=\"1024\" src=\"https:\/\/www.kath-kirche-lb.de\/st-thomas-und-johannes\/wp-content\/uploads\/sites\/8\/2022\/03\/johann_innen_einrichtung-824x1024.jpg\" alt=\"\" class=\"wp-image-3335 size-full\" srcset=\"https:\/\/www.kath-kirche-lb.de\/st-thomas-und-johannes\/wp-content\/uploads\/sites\/8\/2022\/03\/johann_innen_einrichtung-824x1024.jpg 824w, https:\/\/www.kath-kirche-lb.de\/st-thomas-und-johannes\/wp-content\/uploads\/sites\/8\/2022\/03\/johann_innen_einrichtung-241x300.jpg 241w, https:\/\/www.kath-kirche-lb.de\/st-thomas-und-johannes\/wp-content\/uploads\/sites\/8\/2022\/03\/johann_innen_einrichtung-768x955.jpg 768w, https:\/\/www.kath-kirche-lb.de\/st-thomas-und-johannes\/wp-content\/uploads\/sites\/8\/2022\/03\/johann_innen_einrichtung.jpg 996w\" sizes=\"auto, (max-width: 824px) 100vw, 824px\" \/><\/figure><div class=\"wp-block-media-text__content\">\n<p>Der Altar ist wie der Ambo aus Jura-Travertin gefertigt. Tabernakel und Kreuz sind mit Emaille-Arbeiten verziert. Beide gestaltete der Ludwigsburger K\u00fcnstler Werner Regner.<\/p>\n\n\n\n<p>Links vor dem Altarraum, neben dem Eingang zur Werktagskapelle, steht auf einer Stele eine sp\u00e4tgotische Madonna (Kopie der Oedheimer Madonna, die als Leihgabe bis 1976 in der Kirche stand)<\/p>\n\n\n\n<p>Im Eingangsbereich steht rechts die Statue des hl. Antonius und links eine Johannesfigur mit dem Opferlamm.<\/p>\n\n\n\n<p>Vorne rechts befindet sich der Taufstein, daneben der Osterkerzenst\u00e4nder.<\/p>\n<\/div><\/div>\n\n\n\n<h2 class=\"wp-block-heading\"><br><strong>Umbau und die heutigen Kirchenfenster<\/strong><\/h2>\n\n\n\n<p>1990 wurde die Kirche grundlegend renoviert, die Decke abgeh\u00e4ngt, der Altarraum vorgezogen und so dahinter noch R\u00e4ume geschaffen. Die Sitzpl\u00e4tze wurden auf ca. 450 reduziert.<br>Es wurden neue Glasfenster eingebaut. Schon beim Betreten der Kirche beeindrucken die leuchtenden Farben der Fenster.<br>Da diese Kirche Johannes dem T\u00e4ufer geweiht ist, zeigen die Fenster links auf der Nordseite Ausschnitte aus seiner Vita. Dazu passend rechts, auf der S\u00fcdseite, Szenen aus dem Leben Jesu.<br>Beide Darstellungen laufen quasi aus einer H\u00f6hle heraus sich vergr\u00f6\u00dfernd zum jeweiligen abschlie\u00dfenden H\u00f6hepunkt im Altarraum.<br>Entworfen wurden sie von dem Ludwigsburger K\u00fcnstler Rasso Rothacker. Die Ausf\u00fchrung \u00fcbernahm die Glasbaufirma Neumann. Hierbei wurde die jahrhundertealte Technik der Bleiverglasung angewandt.<br>Das Material ist ein so genanntes \u201eKathedralglas&#8220;, mundgeblasen in der Glasbl\u00e4serei M\u00fcller in Waldsassen, nahe der tschechischen Grenze.<\/p>\n\n\n\n<p>Die einzelnen Fenster werden nachfolgend erl\u00e4utert,<br>beginnend auf der linken Seite (von hinten nach vorne) mit den<br><strong>Johannes-Szenen<\/strong><\/p>\n\n\n\n<div class=\"wp-block-media-text alignwide is-stacked-on-mobile is-vertically-aligned-top\" style=\"grid-template-columns:25% auto\"><figure class=\"wp-block-media-text__media\"><img loading=\"lazy\" decoding=\"async\" width=\"943\" height=\"951\" src=\"https:\/\/www.kath-kirche-lb.de\/st-thomas-und-johannes\/wp-content\/uploads\/sites\/8\/2022\/03\/Erstes-Feld.jpg\" alt=\"\" class=\"wp-image-3336 size-full\" srcset=\"https:\/\/www.kath-kirche-lb.de\/st-thomas-und-johannes\/wp-content\/uploads\/sites\/8\/2022\/03\/Erstes-Feld.jpg 943w, https:\/\/www.kath-kirche-lb.de\/st-thomas-und-johannes\/wp-content\/uploads\/sites\/8\/2022\/03\/Erstes-Feld-297x300.jpg 297w, https:\/\/www.kath-kirche-lb.de\/st-thomas-und-johannes\/wp-content\/uploads\/sites\/8\/2022\/03\/Erstes-Feld-150x150.jpg 150w, https:\/\/www.kath-kirche-lb.de\/st-thomas-und-johannes\/wp-content\/uploads\/sites\/8\/2022\/03\/Erstes-Feld-768x775.jpg 768w\" sizes=\"auto, (max-width: 943px) 100vw, 943px\" \/><\/figure><div class=\"wp-block-media-text__content\">\n<p>Erstes Feld:<br>Es zeigt die Verk\u00fcndigung an Zacharias, den Vater Johannes des T\u00e4ufers. Er war Priester im Tempel, deshalb die graue Rauchfahne des Brandopfers, die sich hinter seinem Kopf empor schl\u00e4ngelt.<br>Das Gold der Engelsfl\u00fcgel zeigt uns den Erzengel Gabriel als von Gott gesandt. Da Zacharias nicht glauben will, dass seine Frau in ihrem Alter noch ein Kind bekommen kann, verschlie\u00dft ihm der Erzengel zun\u00e4chst den Mund.<\/p>\n<\/div><\/div>\n\n\n\n<div class=\"wp-block-media-text alignwide is-stacked-on-mobile is-vertically-aligned-top\" style=\"grid-template-columns:25% auto\"><figure class=\"wp-block-media-text__media\"><img loading=\"lazy\" decoding=\"async\" width=\"764\" height=\"1024\" src=\"https:\/\/www.kath-kirche-lb.de\/st-thomas-und-johannes\/wp-content\/uploads\/sites\/8\/2022\/03\/Zweites-Feld-764x1024.jpg\" alt=\"\" class=\"wp-image-3338 size-full\" srcset=\"https:\/\/www.kath-kirche-lb.de\/st-thomas-und-johannes\/wp-content\/uploads\/sites\/8\/2022\/03\/Zweites-Feld-764x1024.jpg 764w, https:\/\/www.kath-kirche-lb.de\/st-thomas-und-johannes\/wp-content\/uploads\/sites\/8\/2022\/03\/Zweites-Feld-224x300.jpg 224w, https:\/\/www.kath-kirche-lb.de\/st-thomas-und-johannes\/wp-content\/uploads\/sites\/8\/2022\/03\/Zweites-Feld-768x1030.jpg 768w, https:\/\/www.kath-kirche-lb.de\/st-thomas-und-johannes\/wp-content\/uploads\/sites\/8\/2022\/03\/Zweites-Feld.jpg 812w\" sizes=\"auto, (max-width: 764px) 100vw, 764px\" \/><\/figure><div class=\"wp-block-media-text__content\">\n<p>Zweites Feld:<br>Die Taufe am Jordan. Jesus empf\u00e4ngt diese durch seinen Vetter Johannes.<br>Der Geist Gottes schwebt in Form einer wei\u00dfen Taube \u00fcber den Wassern. \u201eSiehe, das ist mein geliebter Sohn, an dem ich mein Wohlgefallen habe.&#8220;<\/p>\n<\/div><\/div>\n\n\n\n<div class=\"wp-block-media-text alignwide is-stacked-on-mobile is-vertically-aligned-top\" style=\"grid-template-columns:25% auto\"><figure class=\"wp-block-media-text__media\"><img loading=\"lazy\" decoding=\"async\" width=\"664\" height=\"948\" src=\"https:\/\/www.kath-kirche-lb.de\/st-thomas-und-johannes\/wp-content\/uploads\/sites\/8\/2022\/03\/3_Feld.jpg\" alt=\"\" class=\"wp-image-3347 size-full\" srcset=\"https:\/\/www.kath-kirche-lb.de\/st-thomas-und-johannes\/wp-content\/uploads\/sites\/8\/2022\/03\/3_Feld.jpg 664w, https:\/\/www.kath-kirche-lb.de\/st-thomas-und-johannes\/wp-content\/uploads\/sites\/8\/2022\/03\/3_Feld-210x300.jpg 210w\" sizes=\"auto, (max-width: 664px) 100vw, 664px\" \/><\/figure><div class=\"wp-block-media-text__content\">\n<p>Drittes Feld:<br>Der Rufer in der W\u00fcste. \u201eSeht, nach mir kommt Einer und ich bin es nicht wert, Ihm die Sandalen zu l\u00f6sen.&#8220; Er ist nur der Bote, \u201eder Rufer in der W\u00fcste&#8220;, Wegbereiter f\u00fcr die Sonne Gottes, die erleuchtet, aber auch verbrennen kann.<\/p>\n<\/div><\/div>\n\n\n\n<div class=\"wp-block-media-text alignwide is-stacked-on-mobile is-vertically-aligned-top\" style=\"grid-template-columns:25% auto\"><figure class=\"wp-block-media-text__media\"><img loading=\"lazy\" decoding=\"async\" width=\"836\" height=\"992\" src=\"https:\/\/www.kath-kirche-lb.de\/st-thomas-und-johannes\/wp-content\/uploads\/sites\/8\/2022\/03\/4_Feld.jpg\" alt=\"\" class=\"wp-image-3348 size-full\" srcset=\"https:\/\/www.kath-kirche-lb.de\/st-thomas-und-johannes\/wp-content\/uploads\/sites\/8\/2022\/03\/4_Feld.jpg 836w, https:\/\/www.kath-kirche-lb.de\/st-thomas-und-johannes\/wp-content\/uploads\/sites\/8\/2022\/03\/4_Feld-253x300.jpg 253w, https:\/\/www.kath-kirche-lb.de\/st-thomas-und-johannes\/wp-content\/uploads\/sites\/8\/2022\/03\/4_Feld-768x911.jpg 768w\" sizes=\"auto, (max-width: 836px) 100vw, 836px\" \/><\/figure><div class=\"wp-block-media-text__content\">\n<p>Viertes Feld:<br>Es zeigt uns den Kopf des Johannes. Alle Mahner, die Missst\u00e4nde aufdecken, sind unerw\u00fcnscht. Zu allen Zeiten. Wenn man kann, entledigt man sich ihrer.<\/p>\n<\/div><\/div>\n\n\n\n<div class=\"wp-block-media-text alignwide is-stacked-on-mobile is-vertically-aligned-top\" style=\"grid-template-columns:25% auto\"><figure class=\"wp-block-media-text__media\"><img loading=\"lazy\" decoding=\"async\" width=\"1005\" height=\"1014\" src=\"https:\/\/www.kath-kirche-lb.de\/st-thomas-und-johannes\/wp-content\/uploads\/sites\/8\/2022\/03\/5_Feld.jpg\" alt=\"\" class=\"wp-image-3349 size-full\" srcset=\"https:\/\/www.kath-kirche-lb.de\/st-thomas-und-johannes\/wp-content\/uploads\/sites\/8\/2022\/03\/5_Feld.jpg 1005w, https:\/\/www.kath-kirche-lb.de\/st-thomas-und-johannes\/wp-content\/uploads\/sites\/8\/2022\/03\/5_Feld-297x300.jpg 297w, https:\/\/www.kath-kirche-lb.de\/st-thomas-und-johannes\/wp-content\/uploads\/sites\/8\/2022\/03\/5_Feld-150x150.jpg 150w, https:\/\/www.kath-kirche-lb.de\/st-thomas-und-johannes\/wp-content\/uploads\/sites\/8\/2022\/03\/5_Feld-768x775.jpg 768w\" sizes=\"auto, (max-width: 1005px) 100vw, 1005px\" \/><\/figure><div class=\"wp-block-media-text__content\">\n<p>F\u00fcnftes Feld, vorne im Altarraum:<br>Das grausame Ende des Johannes. Vernichtung, Flammen werden zur Eruption. Und doch kommt von oben ein Licht, das sich auch dieser Zerst\u00f6rung annimmt und sie wirkungslos werden l\u00e4sst.<\/p>\n<\/div><\/div>\n\n\n\n<p><br>Auf der S\u00fcdseite die dazu passenden <strong>Stationen aus dem Leben Jesu<\/strong><br><\/p>\n\n\n\n<div class=\"wp-block-media-text alignwide has-media-on-the-right is-stacked-on-mobile is-vertically-aligned-top\" style=\"grid-template-columns:auto 26%\"><figure class=\"wp-block-media-text__media\"><img loading=\"lazy\" decoding=\"async\" width=\"815\" height=\"1004\" src=\"https:\/\/www.kath-kirche-lb.de\/st-thomas-und-johannes\/wp-content\/uploads\/sites\/8\/2022\/03\/1_2_Feld.jpg\" alt=\"\" class=\"wp-image-3352 size-full\" srcset=\"https:\/\/www.kath-kirche-lb.de\/st-thomas-und-johannes\/wp-content\/uploads\/sites\/8\/2022\/03\/1_2_Feld.jpg 815w, https:\/\/www.kath-kirche-lb.de\/st-thomas-und-johannes\/wp-content\/uploads\/sites\/8\/2022\/03\/1_2_Feld-244x300.jpg 244w, https:\/\/www.kath-kirche-lb.de\/st-thomas-und-johannes\/wp-content\/uploads\/sites\/8\/2022\/03\/1_2_Feld-768x946.jpg 768w\" sizes=\"auto, (max-width: 815px) 100vw, 815px\" \/><\/figure><div class=\"wp-block-media-text__content\">\n<p><strong>Erstes Feld:<\/strong><br>Es stellt die Verk\u00fcndigung an Maria dar.<br>Sie zeigt sich in einer dem\u00fctig-bescheidenen Geste: \u201eHerr, Dein Wille geschehe.&#8220; Kein Aufbegehren in Unver\u00adst\u00e4ndnis wie gegen\u00fcber bei Zacharias. Stattdessen das \u201eSich f\u00fcgen&#8220;.<\/p>\n<\/div><\/div>\n\n\n\n<div class=\"wp-block-media-text alignwide has-media-on-the-right is-stacked-on-mobile is-vertically-aligned-top\" style=\"grid-template-columns:auto 26%\"><figure class=\"wp-block-media-text__media\"><img loading=\"lazy\" decoding=\"async\" width=\"929\" height=\"795\" src=\"https:\/\/www.kath-kirche-lb.de\/st-thomas-und-johannes\/wp-content\/uploads\/sites\/8\/2022\/03\/2_2_Feld.jpg\" alt=\"\" class=\"wp-image-3355 size-full\" srcset=\"https:\/\/www.kath-kirche-lb.de\/st-thomas-und-johannes\/wp-content\/uploads\/sites\/8\/2022\/03\/2_2_Feld.jpg 929w, https:\/\/www.kath-kirche-lb.de\/st-thomas-und-johannes\/wp-content\/uploads\/sites\/8\/2022\/03\/2_2_Feld-300x257.jpg 300w, https:\/\/www.kath-kirche-lb.de\/st-thomas-und-johannes\/wp-content\/uploads\/sites\/8\/2022\/03\/2_2_Feld-768x657.jpg 768w\" sizes=\"auto, (max-width: 929px) 100vw, 929px\" \/><\/figure><div class=\"wp-block-media-text__content\">\n<p><strong>Zweites Feld:<\/strong><br>Es zeigt das Lamm Gottes: Sinn\u00adbild Jesu, geduldig in seiner Opferbereitschaft. Keine aufm\u00fcpfige Rebellion ge\u00adgen das Schicksal: vielmehr ein Annehmen.<\/p>\n<\/div><\/div>\n\n\n\n<div class=\"wp-block-media-text alignwide has-media-on-the-right is-stacked-on-mobile is-vertically-aligned-top\" style=\"grid-template-columns:auto 26%\"><figure class=\"wp-block-media-text__media\"><img loading=\"lazy\" decoding=\"async\" width=\"693\" height=\"1003\" src=\"https:\/\/www.kath-kirche-lb.de\/st-thomas-und-johannes\/wp-content\/uploads\/sites\/8\/2022\/03\/3_2_Feld.jpg\" alt=\"\" class=\"wp-image-3356 size-full\" srcset=\"https:\/\/www.kath-kirche-lb.de\/st-thomas-und-johannes\/wp-content\/uploads\/sites\/8\/2022\/03\/3_2_Feld.jpg 693w, https:\/\/www.kath-kirche-lb.de\/st-thomas-und-johannes\/wp-content\/uploads\/sites\/8\/2022\/03\/3_2_Feld-207x300.jpg 207w\" sizes=\"auto, (max-width: 693px) 100vw, 693px\" \/><\/figure><div class=\"wp-block-media-text__content\">\n<p><strong>Drittes Feld:<\/strong><br>\u201eTaube h\u00f6ren, Blinde sehen, Lahme gehen.&#8220;<br>Bei Gott ist Heilung m\u00f6glich. Die Danksagung geh\u00f6rt dazu. Denn Ausgesto\u00dfensein ist das Eine, Hoffnung haben d\u00fcrfen das Andere.<\/p>\n<\/div><\/div>\n\n\n\n<div class=\"wp-block-media-text alignwide has-media-on-the-right is-stacked-on-mobile is-vertically-aligned-top\" style=\"grid-template-columns:auto 26%\"><figure class=\"wp-block-media-text__media\"><img loading=\"lazy\" decoding=\"async\" width=\"608\" height=\"667\" src=\"https:\/\/www.kath-kirche-lb.de\/st-thomas-und-johannes\/wp-content\/uploads\/sites\/8\/2022\/03\/4_2_Feld.jpg\" alt=\"\" class=\"wp-image-3361 size-full\" srcset=\"https:\/\/www.kath-kirche-lb.de\/st-thomas-und-johannes\/wp-content\/uploads\/sites\/8\/2022\/03\/4_2_Feld.jpg 608w, https:\/\/www.kath-kirche-lb.de\/st-thomas-und-johannes\/wp-content\/uploads\/sites\/8\/2022\/03\/4_2_Feld-273x300.jpg 273w\" sizes=\"auto, (max-width: 608px) 100vw, 608px\" \/><\/figure><div class=\"wp-block-media-text__content\">\n<p><strong>Viertes Feld:<\/strong><br>Es stellt das Schwei\u00dftuch der Veronika dar. T\u00e4tige Hilfe aus Liebe = Caritas. Gleichzeitig aber auch ein Ahnen, dass nach der Tiefe des Leids eine H\u00f6he kommt. Aus der Dornenkrone entwickelt sich die K\u00f6nigskrone.<\/p>\n<\/div><\/div>\n\n\n\n<div class=\"wp-block-media-text alignwide has-media-on-the-right is-stacked-on-mobile is-vertically-aligned-top\" style=\"grid-template-columns:auto 26%\"><figure class=\"wp-block-media-text__media\"><img loading=\"lazy\" decoding=\"async\" width=\"1014\" height=\"1002\" src=\"https:\/\/www.kath-kirche-lb.de\/st-thomas-und-johannes\/wp-content\/uploads\/sites\/8\/2022\/03\/5_2_Feld.jpg\" alt=\"\" class=\"wp-image-3362 size-full\" srcset=\"https:\/\/www.kath-kirche-lb.de\/st-thomas-und-johannes\/wp-content\/uploads\/sites\/8\/2022\/03\/5_2_Feld.jpg 1014w, https:\/\/www.kath-kirche-lb.de\/st-thomas-und-johannes\/wp-content\/uploads\/sites\/8\/2022\/03\/5_2_Feld-300x296.jpg 300w, https:\/\/www.kath-kirche-lb.de\/st-thomas-und-johannes\/wp-content\/uploads\/sites\/8\/2022\/03\/5_2_Feld-768x759.jpg 768w\" sizes=\"auto, (max-width: 1014px) 100vw, 1014px\" \/><\/figure><div class=\"wp-block-media-text__content\">\n<p><strong>F\u00fcnftes Feld:<\/strong><br>Es zeigt die Vollendung des Weges Jesu.<br>Verzeihung und Vers\u00f6hnung:<br>,,\u2026denn sie wissen nicht, was sie tun.&#8220;<br>Auftrag an Nachfolger:<br>,,\u2026siehe da, Deine Mutter.&#8220;<br>Und noch ein Drittes:<br>\u201eWenn ich erh\u00f6ht bin, werde ich alle an mich ziehen.&#8220;<\/p>\n<\/div><\/div>\n\n\n\n<h2 class=\"wp-block-heading\"><br><strong>Die Glocken von St. Johann<\/strong><\/h2>\n\n\n\n<p>Am 26. Oktober 1968 wurden 5 Glocken aus der Glockengie\u00dferei Gebr. Bachert, Bad Friedrichshall durch Dekan Paul Kopf feierlich geweiht. Dem Guss des volumin\u00f6sen Gel\u00e4utes mit einem Gesamtgewicht von rund 8 \u00bd Tonnen \u2013 das gr\u00f6\u00dfte und schwerste Glockengel\u00e4ut in ganz Ludwigsburg \u2013 ging vor der Genehmigung ein langer, umfangreicher Schriftwechsel, wenn nicht gar Streit mit dem Generalvikariat in Rottenburg voraus. Zu diesem Zeitpunkt besa\u00dfen weder die Rottenburger Bischofskirche noch die sp\u00e4tere Konkathedrale St. Eberhard in Stuttgart ein solch tontiefes und umfangreiches Gel\u00e4ut, wie es die Gemeinde St. Johann f\u00fcr sich plante.<br>In dem 1968 neu errichteten Campanile aus Beton entwickelt das Gel\u00e4ut einen Klang, der in der Region seinesgleichen sucht. Das Vollgel\u00e4ut ist in der Tonfolge nach dem Klangmotiv des Hymnus Te Deum (im deutschen Textwortlaut als \u201eGro\u00dfer Gott, wir loben dich\u201d bekannt) gegossen.<\/p>\n\n\n\n<div class=\"wp-block-media-text alignwide is-stacked-on-mobile\" style=\"grid-template-columns:32% auto\"><figure class=\"wp-block-media-text__media\"><img loading=\"lazy\" decoding=\"async\" width=\"510\" height=\"1024\" src=\"https:\/\/www.kath-kirche-lb.de\/st-thomas-und-johannes\/wp-content\/uploads\/sites\/8\/2022\/03\/Glocken_johann-510x1024.jpg\" alt=\"\" class=\"wp-image-3368 size-full\" srcset=\"https:\/\/www.kath-kirche-lb.de\/st-thomas-und-johannes\/wp-content\/uploads\/sites\/8\/2022\/03\/Glocken_johann-510x1024.jpg 510w, https:\/\/www.kath-kirche-lb.de\/st-thomas-und-johannes\/wp-content\/uploads\/sites\/8\/2022\/03\/Glocken_johann-149x300.jpg 149w, https:\/\/www.kath-kirche-lb.de\/st-thomas-und-johannes\/wp-content\/uploads\/sites\/8\/2022\/03\/Glocken_johann-768x1543.jpg 768w, https:\/\/www.kath-kirche-lb.de\/st-thomas-und-johannes\/wp-content\/uploads\/sites\/8\/2022\/03\/Glocken_johann-765x1536.jpg 765w, https:\/\/www.kath-kirche-lb.de\/st-thomas-und-johannes\/wp-content\/uploads\/sites\/8\/2022\/03\/Glocken_johann.jpg 900w\" sizes=\"auto, (max-width: 510px) 100vw, 510px\" \/><\/figure><div class=\"wp-block-media-text__content\">\n<ul class=\"wp-block-list\"><li>Glocke 1: <strong>Christusglocke<\/strong><br>Nominalton: B. Gewicht: 3.500 kg.<br>Inschrift: \u201eLaus tibi Domine, rex aeternae gloriae&#8220;.<br>(\u201eLob sei dir, Christus, K\u00f6nig der ewigen Herrlichkeit.&#8220;)<\/li><li>Glocke 2: <strong>Marienglocke <\/strong>(Angelusglocke)<br>Nominalton: des&#8216;. Gewicht: 2.000 kg.<br>Inschrift: \u201eDignare me laudare te, virgo sacrata&#8220;.<br>(\u201eW\u00fcrdige mich, dich zu loben, heilige Jungfrau&#8220;.)<\/li><li>Glocke 3: <strong>Johannesglocke<\/strong><br>Nominalton: es&#8216;. Gewicht:1.400 kg.<br>Inschrift: \u201eVox clamantis in deserto&#8220;.<br>(\u201eDie Stimme des Rufers in der W\u00fcste.&#8220;)<\/li><li>Glocke 4: <strong>Bu\u00dfglocke<\/strong><br>Nominalton: f&#8216;. Gewicht: 980 kg.<br>Inschrift: \u201eOstende nobis Domine misericordiam tuam&#8220;.<br>(\u201eZeige uns, Herr, deine Barmherzigkeit.&#8220;)<\/li><li>Glocke 5: <strong>Seelenglocke <\/strong>(Totenglocke)<br>Nominalton: ges&#8216;. Gewicht: 800 kg.<br>Inschrift: \u201eEt procedent, qui bona fecerunt, in resurectionem vitae&#8220;.<br>(\u201eAlle die Gutes getan haben, werden zur Auferstehung des Lebens gelangen.&#8220;)<\/li><\/ul>\n<\/div><\/div>\n\n\n\n<figure class=\"wp-block-audio\"><audio controls src=\"https:\/\/www.kath-kirche-lb.de\/st-thomas-und-johannes\/wp-content\/uploads\/sites\/8\/2022\/03\/Glocken-St.Johann-Vollgelaeut.mp3\"><\/audio><figcaption>Das Vollgel\u00e4ut von St. Johann<\/figcaption><\/figure>\n\n\n\n<p><br><\/p>\n\n\n\n<p>Dies sind bearbeitete Ausz\u00fcge aus der Festschrift zum 50 j\u00e4hrigen Jubil\u00e4um 2009.<\/p>\n\n\n\n<div class=\"wp-block-columns is-layout-flex wp-container-core-columns-is-layout-9d6595d7 wp-block-columns-is-layout-flex\">\n<div class=\"wp-block-column is-layout-flow wp-block-column-is-layout-flow\" style=\"flex-basis:100%\">\n<div class=\"wp-block-columns is-layout-flex wp-container-core-columns-is-layout-9d6595d7 wp-block-columns-is-layout-flex\">\n<div class=\"wp-block-column is-layout-flow wp-block-column-is-layout-flow\">\n<p>Die gesamte Festschrift mit weiteren Informationen zur Chronik der Gemeinde finden Sie als PDF-Datei hier zum Herunterladen.<\/p>\n<\/div>\n\n\n\n<div class=\"wp-block-column is-layout-flow wp-block-column-is-layout-flow\">\n<div class=\"wp-block-file\"><a id=\"wp-block-file--media-2b28df14-8b77-4934-8894-23192d431400\" href=\"https:\/\/www.kath-kirche-lb.de\/st-thomas-und-johannes\/wp-content\/uploads\/sites\/8\/2022\/03\/Festschrift-2009_klein.pdf\">Festschrift 50 Jahre St. Johann<\/a><a href=\"https:\/\/www.kath-kirche-lb.de\/st-thomas-und-johannes\/wp-content\/uploads\/sites\/8\/2022\/03\/Festschrift-2009_klein.pdf\" class=\"wp-block-file__button\" download aria-describedby=\"wp-block-file--media-2b28df14-8b77-4934-8894-23192d431400\">Herunterladen<\/a><\/div>\n<\/div>\n\n\n\n<div class=\"wp-block-column is-layout-flow wp-block-column-is-layout-flow\"><\/div>\n<\/div>\n<\/div>\n<\/div>\n","protected":false},"excerpt":{"rendered":"<p>Die katholische Kirche St. Johann Baptist ist Johan\u00adnes dem T\u00e4ufer geweiht. Dieser Name wurde gew\u00e4hlt zur Erin\u00adnerung an die erste, bereits 1240 erw\u00e4hnte katholische Gemeinde zu Geisnang in dieser Gegend, deren Kirche St. Johann im Dreissigj\u00e4hrigen Krieg zerst\u00f6rt wurde. Dieser Ort befand sich im heutigen Bereich Robert-Koch-, Geisnang- und Neckarstra\u00dfe. Durch den Zuzug von vielen [&hellip;]<\/p>\n","protected":false},"author":18,"featured_media":0,"parent":68,"menu_order":0,"comment_status":"closed","ping_status":"closed","template":"","meta":{"footnotes":""},"class_list":["post-72","page","type-page","status-publish","hentry"],"_links":{"self":[{"href":"https:\/\/www.kath-kirche-lb.de\/st-thomas-und-johannes\/wp-json\/wp\/v2\/pages\/72","targetHints":{"allow":["GET"]}}],"collection":[{"href":"https:\/\/www.kath-kirche-lb.de\/st-thomas-und-johannes\/wp-json\/wp\/v2\/pages"}],"about":[{"href":"https:\/\/www.kath-kirche-lb.de\/st-thomas-und-johannes\/wp-json\/wp\/v2\/types\/page"}],"author":[{"embeddable":true,"href":"https:\/\/www.kath-kirche-lb.de\/st-thomas-und-johannes\/wp-json\/wp\/v2\/users\/18"}],"replies":[{"embeddable":true,"href":"https:\/\/www.kath-kirche-lb.de\/st-thomas-und-johannes\/wp-json\/wp\/v2\/comments?post=72"}],"version-history":[{"count":22,"href":"https:\/\/www.kath-kirche-lb.de\/st-thomas-und-johannes\/wp-json\/wp\/v2\/pages\/72\/revisions"}],"predecessor-version":[{"id":3585,"href":"https:\/\/www.kath-kirche-lb.de\/st-thomas-und-johannes\/wp-json\/wp\/v2\/pages\/72\/revisions\/3585"}],"up":[{"embeddable":true,"href":"https:\/\/www.kath-kirche-lb.de\/st-thomas-und-johannes\/wp-json\/wp\/v2\/pages\/68"}],"wp:attachment":[{"href":"https:\/\/www.kath-kirche-lb.de\/st-thomas-und-johannes\/wp-json\/wp\/v2\/media?parent=72"}],"curies":[{"name":"wp","href":"https:\/\/api.w.org\/{rel}","templated":true}]}}