{"id":96,"date":"2021-10-02T14:57:30","date_gmt":"2021-10-02T12:57:30","guid":{"rendered":"https:\/\/www.kath-kirche-lb.de\/st-thomas-und-johannes\/?page_id=96"},"modified":"2023-05-07T18:54:34","modified_gmt":"2023-05-07T16:54:34","slug":"jugend","status":"publish","type":"page","link":"https:\/\/www.kath-kirche-lb.de\/st-thomas-und-johannes\/lebendige-gemeinde\/jugend\/","title":{"rendered":"Jugend"},"content":{"rendered":"\n<p class=\"has-medium-font-size\"><strong>&#8222;Tom`s Treff&#8220; &#8211; Kinder- und Jugendtreff<\/strong> <strong>in Eglosheim<\/strong><\/p>\n\n\n\n<p class=\"has-medium-font-size\">Ein offener Treff f\u00fcr Kinder und Jugendliche im Alter von 8 bis 14 Jahren<br>Jeden Mittwoch von 14-18 Uhr (14-16 Uhr Hausaufgabenbetreuung, 16-18 Uhr Spiel und Spa\u00df)<\/p>\n\n\n\n<p>Neue Weing\u00e4rten18, 71636 Ludwigsburg, Eingang beim Pfarrb\u00fcro<\/p>\n\n\n\n<p>Kontaktperson: Adriano Di Cosola <\/p>\n\n\n\n<p>Aktuelle Informationen unter 0152\/59653859, oder auf Facebook\/Instagram unter &#8222;Tom\u00b4s Jugendtreff&#8220;<\/p>\n\n\n\n<p><\/p>\n\n\n\n<p class=\"has-medium-font-size\"><strong>Jugendkirche<\/strong><\/p>\n\n\n\n<p>Wir begr\u00fc\u00dfen Anna Jehle als Jugendreferentin wieder aus ihrer Elternzeit zur\u00fcck und freuen uns, dass sie die Jugendarbeit in der Stadt Ludwigsburg wieder tatkr\u00e4ftig unterst\u00fctzt und weitere Impulse setzt.<\/p>\n\n\n\n<p>Alle Infos unter:   <a href=\"http:\/\/www.jugendkirche-lb.de\">Jugendkirche<\/a><\/p>\n\n\n\n<p><\/p>\n","protected":false},"excerpt":{"rendered":"<p>&#8222;Tom`s Treff&#8220; &#8211; Kinder- und Jugendtreff in Eglosheim Ein offener Treff f\u00fcr Kinder und Jugendliche im Alter von 8 bis 14 JahrenJeden Mittwoch von 14-18 Uhr (14-16 Uhr Hausaufgabenbetreuung, 16-18 Uhr Spiel und Spa\u00df) Neue Weing\u00e4rten18, 71636 Ludwigsburg, Eingang beim Pfarrb\u00fcro Kontaktperson: Adriano Di Cosola Aktuelle Informationen unter 0152\/59653859, oder auf Facebook\/Instagram unter &#8222;Tom\u00b4s Jugendtreff&#8220; [&hellip;]<\/p>\n","protected":false},"author":1,"featured_media":0,"parent":51,"menu_order":0,"comment_status":"closed","ping_status":"closed","template":"","meta":{"footnotes":""},"class_list":["post-96","page","type-page","status-publish","hentry"],"_links":{"self":[{"href":"https:\/\/www.kath-kirche-lb.de\/st-thomas-und-johannes\/wp-json\/wp\/v2\/pages\/96","targetHints":{"allow":["GET"]}}],"collection":[{"href":"https:\/\/www.kath-kirche-lb.de\/st-thomas-und-johannes\/wp-json\/wp\/v2\/pages"}],"about":[{"href":"https:\/\/www.kath-kirche-lb.de\/st-thomas-und-johannes\/wp-json\/wp\/v2\/types\/page"}],"author":[{"embeddable":true,"href":"https:\/\/www.kath-kirche-lb.de\/st-thomas-und-johannes\/wp-json\/wp\/v2\/users\/1"}],"replies":[{"embeddable":true,"href":"https:\/\/www.kath-kirche-lb.de\/st-thomas-und-johannes\/wp-json\/wp\/v2\/comments?post=96"}],"version-history":[{"count":22,"href":"https:\/\/www.kath-kirche-lb.de\/st-thomas-und-johannes\/wp-json\/wp\/v2\/pages\/96\/revisions"}],"predecessor-version":[{"id":5361,"href":"https:\/\/www.kath-kirche-lb.de\/st-thomas-und-johannes\/wp-json\/wp\/v2\/pages\/96\/revisions\/5361"}],"up":[{"embeddable":true,"href":"https:\/\/www.kath-kirche-lb.de\/st-thomas-und-johannes\/wp-json\/wp\/v2\/pages\/51"}],"wp:attachment":[{"href":"https:\/\/www.kath-kirche-lb.de\/st-thomas-und-johannes\/wp-json\/wp\/v2\/media?parent=96"}],"curies":[{"name":"wp","href":"https:\/\/api.w.org\/{rel}","templated":true}]}}